{"id":12586,"date":"2017-05-26T06:41:21","date_gmt":"2017-05-26T06:41:21","guid":{"rendered":"http:\/\/www.clubmaritimomelilla.es\/clmar\/?page_id=12586"},"modified":"2024-03-22T11:36:11","modified_gmt":"2024-03-22T10:36:11","slug":"feria","status":"publish","type":"page","link":"https:\/\/www.realclubmaritimomelilla.es\/clmar\/feria\/","title":{"rendered":"Feria"},"content":{"rendered":"<div class=\"fusion-fullwidth fullwidth-box fusion-builder-row-1 hundred-percent-fullwidth non-hundred-percent-height-scrolling\" style=\"background-color: #ffffff;background-position: center center;background-repeat: no-repeat;padding-top:0px;padding-right:0px;padding-bottom:0px;padding-left:0px;margin-bottom: 0px;margin-top: 0px;border-width: 0px 0px 0px 0px;border-color:#eae9e9;border-style:solid;\" ><div class=\"fusion-builder-row fusion-row\"><div class=\"fusion-layout-column fusion_builder_column fusion-builder-column-0 fusion_builder_column_1_1 1_1 fusion-one-full fusion-column-first fusion-column-last\" style=\"margin-top:0px;margin-bottom:20px;\"><div class=\"fusion-column-wrapper fusion-flex-column-wrapper-legacy\" style=\"background-position:left top;background-repeat:no-repeat;-webkit-background-size:cover;-moz-background-size:cover;-o-background-size:cover;background-size:cover;padding: 0px 0px 0px 0px;\"><style type=\"text\/css\"><\/style><div class=\"fusion-title title fusion-title-1 fusion-title-center fusion-title-text fusion-title-size-two\" style=\"margin-top:10px;margin-right:0px;margin-bottom:15px;margin-left:0px;\"><div class=\"title-sep-container title-sep-container-left\"><div class=\"title-sep sep-double sep-solid\" style=\"border-color:#e0dede;\"><\/div><\/div><span class=\"awb-title-spacer\"><\/span><h2 class=\"title-heading-center\" style=\"margin:0;\"><p style=\"text-align: center;\"><strong><span style=\"color: #5092d3;\">Feria de Melilla &#8211; Fiestas Patronales<br \/>\n<\/span><\/strong><\/p><\/h2><span class=\"awb-title-spacer\"><\/span><div class=\"title-sep-container title-sep-container-right\"><div class=\"title-sep sep-double sep-solid\" style=\"border-color:#e0dede;\"><\/div><\/div><\/div><div class=\"fusion-clearfix\"><\/div><\/div><\/div><div class=\"fusion-layout-column fusion_builder_column fusion-builder-column-1 fusion_builder_column_1_1 1_1 fusion-one-full fusion-column-first fusion-column-last\" style=\"margin-top:0px;margin-bottom:20px;\"><div class=\"fusion-column-wrapper fusion-flex-column-wrapper-legacy\" style=\"background-position:left top;background-repeat:no-repeat;-webkit-background-size:cover;-moz-background-size:cover;-o-background-size:cover;background-size:cover;padding: 0px 0px 0px 0px;\"><div class=\"fusion-text fusion-text-1\"><p align=\"justify\">El Club, durante las Fiestas Patronales de la ciudad de Melilla, se viste de gala para tambi\u00e9n unirse a las celebraciones por la Feria.<\/p>\n<p align=\"justify\">Una semana llena de actividades que arrancan el lunes de Feria, con la celebraci\u00f3n de la fiesta infantil y la elecci\u00f3n de Miss Sirenia -un concurso con m\u00e1s de cuatro d\u00e9cadas de historia- y que el segundo s\u00e1bado de Feria tiene su momento culminante, con la entrega de trofeos de las competiciones deportivas celebradas en esos d\u00edas, junto al tradicional Concurso de Paellas.<\/p>\n<\/div><div class=\"fusion-clearfix\"><\/div><\/div><\/div><div class=\"fusion-layout-column fusion_builder_column fusion-builder-column-2 fusion_builder_column_1_1 1_1 fusion-one-full fusion-column-first fusion-column-last fusion-column-no-min-height\" style=\"margin-top:0px;margin-bottom:0px;\"><div class=\"fusion-column-wrapper fusion-flex-column-wrapper-legacy\" style=\"background-position:left top;background-repeat:no-repeat;-webkit-background-size:cover;-moz-background-size:cover;-o-background-size:cover;background-size:cover;padding: 0px 0px 0px 0px;\"><div class=\"fusion-text fusion-text-2\"><p style=\"text-align: center;\"><div class=\"flexslider ewic-slider-lite is_on_\" id=\"ewic-con-1258769e025219fdf2\"><style>#ewic-con-1258769e025219fdf2 .flex-direction-nav .flex-next, #ewic-con-1258769e025219fdf2 .flex-direction-nav .flex-prev {opacity: 1;} #ewic-con-1258769e025219fdf2 .flex-direction-nav .flex-next {right: 10px !important; text-align: right !important;} #ewic-con-1258769e025219fdf2 .flex-direction-nav .flex-prev {left: 10px !important;}<\/style><div id=\"preloader-1258769e025219fdf2\" class=\"sliderpreloader\"><\/div><ul style=\"display:none;\" class=\"slides flexslider-1258769e025219fdf2\"><li class=\"ewic-slider\"><a href=\"https:\/\/www.realclubmaritimomelilla.es\/clmar\/wp-content\/uploads\/2017\/05\/CONCURSO-DE-PAELLAS-2016.jpg\" title=\"CONCURSO DE PAELLAS 2016\" rel=\"ewicprettyPhoto[1258769e025219fdf2]\"><img decoding=\"async\" title=\"CONCURSO DE PAELLAS 2016\" class=\"ewic-wid-imgs\" src=\"https:\/\/www.realclubmaritimomelilla.es\/clmar\/wp-content\/uploads\/2017\/05\/CONCURSO-DE-PAELLAS-2016.jpg\" \/><p class=\"flex-caption\">CONCURSO DE PAELLAS 2016<\/p><\/a><\/li><li class=\"ewic-slider\"><a href=\"https:\/\/www.realclubmaritimomelilla.es\/clmar\/wp-content\/uploads\/2017\/05\/CONCURSO-PAELLAS.jpg\" title=\"CONCURSO PAELLAS\" rel=\"ewicprettyPhoto[1258769e025219fdf2]\"><img decoding=\"async\" title=\"CONCURSO PAELLAS\" class=\"ewic-wid-imgs\" src=\"https:\/\/www.realclubmaritimomelilla.es\/clmar\/wp-content\/uploads\/2017\/05\/CONCURSO-PAELLAS.jpg\" \/><p class=\"flex-caption\">CONCURSO PAELLAS<\/p><\/a><\/li><li class=\"ewic-slider\"><a href=\"https:\/\/www.realclubmaritimomelilla.es\/clmar\/wp-content\/uploads\/2017\/05\/MISS-SIRENITA-2016.jpg\" title=\"MISS SIRENITA 2016\" rel=\"ewicprettyPhoto[1258769e025219fdf2]\"><img decoding=\"async\" title=\"MISS SIRENITA 2016\" class=\"ewic-wid-imgs\" src=\"https:\/\/www.realclubmaritimomelilla.es\/clmar\/wp-content\/uploads\/2017\/05\/MISS-SIRENITA-2016.jpg\" \/><p class=\"flex-caption\">MISS SIRENITA 2016<\/p><\/a><\/li><li class=\"ewic-slider\"><a href=\"https:\/\/www.realclubmaritimomelilla.es\/clmar\/wp-content\/uploads\/2017\/05\/MISS-SIRENITA.jpg\" title=\"MISS SIRENITA\" rel=\"ewicprettyPhoto[1258769e025219fdf2]\"><img decoding=\"async\" title=\"MISS SIRENITA\" class=\"ewic-wid-imgs\" src=\"https:\/\/www.realclubmaritimomelilla.es\/clmar\/wp-content\/uploads\/2017\/05\/MISS-SIRENITA.jpg\" \/><p class=\"flex-caption\">MISS SIRENITA<\/p><\/a><\/li><li class=\"ewic-slider\"><a href=\"https:\/\/www.realclubmaritimomelilla.es\/clmar\/wp-content\/uploads\/2017\/05\/MISS-SIRENITA2.jpg\" title=\"MISS SIRENITA2\" rel=\"ewicprettyPhoto[1258769e025219fdf2]\"><img decoding=\"async\" title=\"MISS SIRENITA2\" class=\"ewic-wid-imgs\" src=\"https:\/\/www.realclubmaritimomelilla.es\/clmar\/wp-content\/uploads\/2017\/05\/MISS-SIRENITA2.jpg\" \/><p class=\"flex-caption\">MISS SIRENITA2<\/p><\/a><\/li><\/ul><script type=\"text\/javascript\">\r\n\tjQuery(document).ready(function($) {\r\n\r\n\t\t$(\"#preloader-1258769e025219fdf2\").fadeOut(500, function () {\r\n\r\n\t\t\t$(\"#ewic-con-1258769e025219fdf2\").addClass(\"ready_to_show\");\r\n\r\n\t\t\t$(\"a[rel^='ewicprettyPhoto[1258769e025219fdf2]']\").ewcPhoto({\r\n\t\t\t\ttheme: \"ewc_default\",\r\n\t\t\t\tallow_expand: false,\r\n\t\t\t\tdeeplinking: false,\r\n\t\t\t\tslideshow:5000,\r\n\t\t\t\tautoplay_slideshow:true,\r\n\t\t\t\tsocial_tools:false\r\n\t\t\t});\r\n\r\n\t\t\t$(\".flexslider-1258769e025219fdf2\").fadeIn(300);\r\n\r\n\t\t\t$(\"#ewic-con-1258769e025219fdf2\").flexslider({\r\n\t\t\t\tanimation: \"slide\",\r\n\t\t\t\tanimationSpeed: 0,\r\n\t\t\t\tuseCSS: false,\r\n\t\t\t\teasing: \"easeInQuad\",\r\n\t\t\t\tdirection: \"horizontal\",\r\n\t\t\t\tslideshow: true,\r\n\t\t\t\tsmoothHeight: true,\r\n\t\t\t\tpauseOnHover: true,\r\n\t\t\t\tcontrolNav: false,\r\n\t\t\t\tprevText: \"\",\r\n\t\t\t\tnextText: \"\",\r\n\t\t\t\trtl: false,\r\n\t\t\t\tslideshowSpeed: 5000,\r\n\t\t\t\tstart: function(slider){\r\n\t\t\t\t\t$(\"#ewic-con-1258769e025219fdf2\").find(\".flex-caption\").hide();\r\n\t\t\t\t\tvar curSlide = slider.find(\"li.flex-active-slide\");\r\n\t\t\t\t\t$(curSlide).find(\".flex-caption\").slideDown();\r\n\t\t\t\t},\r\n\t\t\t\tbefore: function(slider) {\r\n\t\t\t\t\t$(\"#ewic-con-1258769e025219fdf2\").find(\".flex-caption\").slideUp();\r\n\t\t\t\t},\r\n\t\t\t\tafter: function(slider) {\r\n\t\t\t\t\tvar curSlide = slider.find(\"li.flex-active-slide\");\r\n\t\t\t\t\t$(curSlide).find(\".flex-caption\").slideDown();\r\n\t\t\t\t}\r\n\r\n\t\t\t});\r\n\r\n\t\t});\r\n\r\n\t});\r\n<\/script><\/div>\r\n<\/p>\n<\/div><div class=\"fusion-clearfix\"><\/div><\/div><\/div><\/div><style type=\"text\/css\">.fusion-fullwidth.fusion-builder-row-1 { overflow:visible; }<\/style><\/div>\n","protected":false},"excerpt":{"rendered":"","protected":false},"author":1,"featured_media":0,"parent":0,"menu_order":0,"comment_status":"closed","ping_status":"closed","template":"","meta":{"_acf_changed":false,"footnotes":""},"class_list":["post-12586","page","type-page","status-publish","hentry"],"acf":[],"yoast_head":"<!-- This site is optimized with the Yoast SEO plugin v26.9 - https:\/\/yoast.com\/product\/yoast-seo-wordpress\/ -->\n<title>Feria - Real Club Mar\u00edtimo de Melilla<\/title>\n<meta name=\"description\" content=\"El Club, durante las Fiestas Patronales de la ciudad de Melilla, se viste de gala para tambi\u00e9n unirse a las celebraciones por la Feria.\" \/>\n<meta name=\"robots\" content=\"index, follow, max-snippet:-1, max-image-preview:large, max-video-preview:-1\" \/>\n<link rel=\"canonical\" href=\"https:\/\/www.realclubmaritimomelilla.es\/clmar\/feria\/\" \/>\n<meta property=\"og:locale\" content=\"es_ES\" \/>\n<meta property=\"og:type\" content=\"article\" \/>\n<meta property=\"og:title\" content=\"Feria - Real Club Mar\u00edtimo de Melilla\" \/>\n<meta property=\"og:description\" content=\"El Club, durante las Fiestas Patronales de la ciudad de Melilla, se viste de gala para tambi\u00e9n unirse a las celebraciones por la Feria.\" \/>\n<meta property=\"og:url\" content=\"https:\/\/www.realclubmaritimomelilla.es\/clmar\/feria\/\" \/>\n<meta property=\"og:site_name\" content=\"Real Club Mar\u00edtimo de Melilla\" \/>\n<meta property=\"article:publisher\" content=\"https:\/\/www.facebook.com\/Real-Club-Mar%c3%adtimo-de-Melilla-588495841234214\/\" \/>\n<meta property=\"article:modified_time\" content=\"2024-03-22T10:36:11+00:00\" \/>\n<meta name=\"twitter:card\" content=\"summary_large_image\" \/>\n<meta name=\"twitter:site\" content=\"@nauticarcmm\" \/>\n<meta name=\"twitter:label1\" content=\"Tiempo de lectura\" \/>\n\t<meta name=\"twitter:data1\" content=\"2 minutos\" \/>\n<script type=\"application\/ld+json\" class=\"yoast-schema-graph\">{\"@context\":\"https:\/\/schema.org\",\"@graph\":[{\"@type\":\"WebPage\",\"@id\":\"https:\/\/www.realclubmaritimomelilla.es\/clmar\/feria\/\",\"url\":\"https:\/\/www.realclubmaritimomelilla.es\/clmar\/feria\/\",\"name\":\"Feria - Real Club Mar\u00edtimo de Melilla\",\"isPartOf\":{\"@id\":\"https:\/\/www.realclubmaritimomelilla.es\/clmar\/#website\"},\"datePublished\":\"2017-05-26T06:41:21+00:00\",\"dateModified\":\"2024-03-22T10:36:11+00:00\",\"description\":\"El Club, durante las Fiestas Patronales de la ciudad de Melilla, se viste de gala para tambi\u00e9n unirse a las celebraciones por la Feria.\",\"breadcrumb\":{\"@id\":\"https:\/\/www.realclubmaritimomelilla.es\/clmar\/feria\/#breadcrumb\"},\"inLanguage\":\"es\",\"potentialAction\":[{\"@type\":\"ReadAction\",\"target\":[\"https:\/\/www.realclubmaritimomelilla.es\/clmar\/feria\/\"]}]},{\"@type\":\"BreadcrumbList\",\"@id\":\"https:\/\/www.realclubmaritimomelilla.es\/clmar\/feria\/#breadcrumb\",\"itemListElement\":[{\"@type\":\"ListItem\",\"position\":1,\"name\":\"Portada\",\"item\":\"https:\/\/www.realclubmaritimomelilla.es\/clmar\/\"},{\"@type\":\"ListItem\",\"position\":2,\"name\":\"Feria\"}]},{\"@type\":\"WebSite\",\"@id\":\"https:\/\/www.realclubmaritimomelilla.es\/clmar\/#website\",\"url\":\"https:\/\/www.realclubmaritimomelilla.es\/clmar\/\",\"name\":\"Real Club Mar\u00edtimo de Melilla\",\"description\":\"RCMM\",\"publisher\":{\"@id\":\"https:\/\/www.realclubmaritimomelilla.es\/clmar\/#organization\"},\"alternateName\":\"RCMM\",\"potentialAction\":[{\"@type\":\"SearchAction\",\"target\":{\"@type\":\"EntryPoint\",\"urlTemplate\":\"https:\/\/www.realclubmaritimomelilla.es\/clmar\/?s={search_term_string}\"},\"query-input\":{\"@type\":\"PropertyValueSpecification\",\"valueRequired\":true,\"valueName\":\"search_term_string\"}}],\"inLanguage\":\"es\"},{\"@type\":\"Organization\",\"@id\":\"https:\/\/www.realclubmaritimomelilla.es\/clmar\/#organization\",\"name\":\"Real Club Mar\u00edtimo de Melilla\",\"alternateName\":\"RCMM\",\"url\":\"https:\/\/www.realclubmaritimomelilla.es\/clmar\/\",\"logo\":{\"@type\":\"ImageObject\",\"inLanguage\":\"es\",\"@id\":\"https:\/\/www.realclubmaritimomelilla.es\/clmar\/#\/schema\/logo\/image\/\",\"url\":\"https:\/\/www.realclubmaritimomelilla.es\/clmar\/wp-content\/uploads\/logo-club-original-copia.jpg\",\"contentUrl\":\"https:\/\/www.realclubmaritimomelilla.es\/clmar\/wp-content\/uploads\/logo-club-original-copia.jpg\",\"width\":128,\"height\":89,\"caption\":\"Real Club Mar\u00edtimo de Melilla\"},\"image\":{\"@id\":\"https:\/\/www.realclubmaritimomelilla.es\/clmar\/#\/schema\/logo\/image\/\"},\"sameAs\":[\"https:\/\/www.facebook.com\/Real-Club-Mar\u00edtimo-de-Melilla-588495841234214\/\",\"https:\/\/x.com\/nauticarcmm\",\"https:\/\/www.instagram.com\/club_maritimo_melilla\/\",\"https:\/\/www.youtube.com\/@realclubmaritimodemelilla4703\",\"https:\/\/es.wikipedia.org\/wiki\/Real_Club_Mar\u00edtimo_de_Melilla\"]}]}<\/script>\n<!-- \/ Yoast SEO plugin. -->","yoast_head_json":{"title":"Feria - Real Club Mar\u00edtimo de Melilla","description":"El Club, durante las Fiestas Patronales de la ciudad de Melilla, se viste de gala para tambi\u00e9n unirse a las celebraciones por la Feria.","robots":{"index":"index","follow":"follow","max-snippet":"max-snippet:-1","max-image-preview":"max-image-preview:large","max-video-preview":"max-video-preview:-1"},"canonical":"https:\/\/www.realclubmaritimomelilla.es\/clmar\/feria\/","og_locale":"es_ES","og_type":"article","og_title":"Feria - Real Club Mar\u00edtimo de Melilla","og_description":"El Club, durante las Fiestas Patronales de la ciudad de Melilla, se viste de gala para tambi\u00e9n unirse a las celebraciones por la Feria.","og_url":"https:\/\/www.realclubmaritimomelilla.es\/clmar\/feria\/","og_site_name":"Real Club Mar\u00edtimo de Melilla","article_publisher":"https:\/\/www.facebook.com\/Real-Club-Mar%c3%adtimo-de-Melilla-588495841234214\/","article_modified_time":"2024-03-22T10:36:11+00:00","twitter_card":"summary_large_image","twitter_site":"@nauticarcmm","twitter_misc":{"Tiempo de lectura":"2 minutos"},"schema":{"@context":"https:\/\/schema.org","@graph":[{"@type":"WebPage","@id":"https:\/\/www.realclubmaritimomelilla.es\/clmar\/feria\/","url":"https:\/\/www.realclubmaritimomelilla.es\/clmar\/feria\/","name":"Feria - Real Club Mar\u00edtimo de Melilla","isPartOf":{"@id":"https:\/\/www.realclubmaritimomelilla.es\/clmar\/#website"},"datePublished":"2017-05-26T06:41:21+00:00","dateModified":"2024-03-22T10:36:11+00:00","description":"El Club, durante las Fiestas Patronales de la ciudad de Melilla, se viste de gala para tambi\u00e9n unirse a las celebraciones por la Feria.","breadcrumb":{"@id":"https:\/\/www.realclubmaritimomelilla.es\/clmar\/feria\/#breadcrumb"},"inLanguage":"es","potentialAction":[{"@type":"ReadAction","target":["https:\/\/www.realclubmaritimomelilla.es\/clmar\/feria\/"]}]},{"@type":"BreadcrumbList","@id":"https:\/\/www.realclubmaritimomelilla.es\/clmar\/feria\/#breadcrumb","itemListElement":[{"@type":"ListItem","position":1,"name":"Portada","item":"https:\/\/www.realclubmaritimomelilla.es\/clmar\/"},{"@type":"ListItem","position":2,"name":"Feria"}]},{"@type":"WebSite","@id":"https:\/\/www.realclubmaritimomelilla.es\/clmar\/#website","url":"https:\/\/www.realclubmaritimomelilla.es\/clmar\/","name":"Real Club Mar\u00edtimo de Melilla","description":"RCMM","publisher":{"@id":"https:\/\/www.realclubmaritimomelilla.es\/clmar\/#organization"},"alternateName":"RCMM","potentialAction":[{"@type":"SearchAction","target":{"@type":"EntryPoint","urlTemplate":"https:\/\/www.realclubmaritimomelilla.es\/clmar\/?s={search_term_string}"},"query-input":{"@type":"PropertyValueSpecification","valueRequired":true,"valueName":"search_term_string"}}],"inLanguage":"es"},{"@type":"Organization","@id":"https:\/\/www.realclubmaritimomelilla.es\/clmar\/#organization","name":"Real Club Mar\u00edtimo de Melilla","alternateName":"RCMM","url":"https:\/\/www.realclubmaritimomelilla.es\/clmar\/","logo":{"@type":"ImageObject","inLanguage":"es","@id":"https:\/\/www.realclubmaritimomelilla.es\/clmar\/#\/schema\/logo\/image\/","url":"https:\/\/www.realclubmaritimomelilla.es\/clmar\/wp-content\/uploads\/logo-club-original-copia.jpg","contentUrl":"https:\/\/www.realclubmaritimomelilla.es\/clmar\/wp-content\/uploads\/logo-club-original-copia.jpg","width":128,"height":89,"caption":"Real Club Mar\u00edtimo de Melilla"},"image":{"@id":"https:\/\/www.realclubmaritimomelilla.es\/clmar\/#\/schema\/logo\/image\/"},"sameAs":["https:\/\/www.facebook.com\/Real-Club-Mar\u00edtimo-de-Melilla-588495841234214\/","https:\/\/x.com\/nauticarcmm","https:\/\/www.instagram.com\/club_maritimo_melilla\/","https:\/\/www.youtube.com\/@realclubmaritimodemelilla4703","https:\/\/es.wikipedia.org\/wiki\/Real_Club_Mar\u00edtimo_de_Melilla"]}]}},"_links":{"self":[{"href":"https:\/\/www.realclubmaritimomelilla.es\/clmar\/wp-json\/wp\/v2\/pages\/12586","targetHints":{"allow":["GET"]}}],"collection":[{"href":"https:\/\/www.realclubmaritimomelilla.es\/clmar\/wp-json\/wp\/v2\/pages"}],"about":[{"href":"https:\/\/www.realclubmaritimomelilla.es\/clmar\/wp-json\/wp\/v2\/types\/page"}],"author":[{"embeddable":true,"href":"https:\/\/www.realclubmaritimomelilla.es\/clmar\/wp-json\/wp\/v2\/users\/1"}],"replies":[{"embeddable":true,"href":"https:\/\/www.realclubmaritimomelilla.es\/clmar\/wp-json\/wp\/v2\/comments?post=12586"}],"version-history":[{"count":3,"href":"https:\/\/www.realclubmaritimomelilla.es\/clmar\/wp-json\/wp\/v2\/pages\/12586\/revisions"}],"predecessor-version":[{"id":21983,"href":"https:\/\/www.realclubmaritimomelilla.es\/clmar\/wp-json\/wp\/v2\/pages\/12586\/revisions\/21983"}],"wp:attachment":[{"href":"https:\/\/www.realclubmaritimomelilla.es\/clmar\/wp-json\/wp\/v2\/media?parent=12586"}],"curies":[{"name":"wp","href":"https:\/\/api.w.org\/{rel}","templated":true}]}}