{"id":12569,"date":"2017-05-25T12:47:24","date_gmt":"2017-05-25T12:47:24","guid":{"rendered":"http:\/\/www.clubmaritimomelilla.es\/clmar\/?page_id=12569"},"modified":"2024-03-22T12:44:56","modified_gmt":"2024-03-22T11:44:56","slug":"moraga","status":"publish","type":"page","link":"https:\/\/www.realclubmaritimomelilla.es\/clmar\/moraga\/","title":{"rendered":"Moraga de San Juan"},"content":{"rendered":"<div class=\"fusion-fullwidth fullwidth-box fusion-builder-row-1 hundred-percent-fullwidth non-hundred-percent-height-scrolling\" style=\"background-color: #ffffff;background-position: center center;background-repeat: no-repeat;padding-top:0px;padding-right:0px;padding-bottom:0px;padding-left:0px;margin-bottom: 0px;margin-top: 0px;border-width: 0px 0px 0px 0px;border-color:#eae9e9;border-style:solid;\" ><div class=\"fusion-builder-row fusion-row\"><div class=\"fusion-layout-column fusion_builder_column fusion-builder-column-0 fusion_builder_column_1_1 1_1 fusion-one-full fusion-column-first fusion-column-last\" style=\"margin-top:0px;margin-bottom:20px;\"><div class=\"fusion-column-wrapper fusion-flex-column-wrapper-legacy\" style=\"background-position:left top;background-repeat:no-repeat;-webkit-background-size:cover;-moz-background-size:cover;-o-background-size:cover;background-size:cover;padding: 0px 0px 0px 0px;\"><style type=\"text\/css\"><\/style><div class=\"fusion-title title fusion-title-1 fusion-title-center fusion-title-text fusion-title-size-two\" style=\"margin-top:10px;margin-right:0px;margin-bottom:15px;margin-left:0px;\"><div class=\"title-sep-container title-sep-container-left\"><div class=\"title-sep sep-double sep-solid\" style=\"border-color:#e0dede;\"><\/div><\/div><span class=\"awb-title-spacer\"><\/span><h2 class=\"title-heading-center\" style=\"margin:0;\"><p style=\"text-align: center;\"><strong><span style=\"color: #5092d3;\">Moraga de San Juan<br \/>\n<\/span><\/strong><\/p><\/h2><span class=\"awb-title-spacer\"><\/span><div class=\"title-sep-container title-sep-container-right\"><div class=\"title-sep sep-double sep-solid\" style=\"border-color:#e0dede;\"><\/div><\/div><\/div><div class=\"fusion-clearfix\"><\/div><\/div><\/div><div class=\"fusion-layout-column fusion_builder_column fusion-builder-column-1 fusion_builder_column_1_1 1_1 fusion-one-full fusion-column-first fusion-column-last\" style=\"margin-top:0px;margin-bottom:20px;\"><div class=\"fusion-column-wrapper fusion-flex-column-wrapper-legacy\" style=\"background-position:left top;background-repeat:no-repeat;-webkit-background-size:cover;-moz-background-size:cover;-o-background-size:cover;background-size:cover;padding: 0px 0px 0px 0px;\"><div class=\"fusion-text fusion-text-1\"><p align=\"justify\">Las instalaciones del Club Mar\u00edtimo son el escenario de una sardinada, con la que se celebra la noche m\u00e1s especial del a\u00f1o, la del 23 de junio que nos lleva a la media noche a celebrar San Juan.<\/p>\n<p align=\"justify\">Se trata de uno de los eventos que tiene m\u00e1s acogida por parte de los socios. La zona de la p\u00e9rgola se convierte, anualmente, en el lugar de reuni\u00f3n, aunque la fiesta se extiende por todo el recinto. Con esta fiesta, se da comienzo a todas las celebraciones y actividades l\u00fadico \u2013 deportivas del verano.<\/p>\n<\/div><div class=\"fusion-clearfix\"><\/div><\/div><\/div><div class=\"fusion-layout-column fusion_builder_column fusion-builder-column-2 fusion_builder_column_1_1 1_1 fusion-one-full fusion-column-first fusion-column-last fusion-column-no-min-height\" style=\"margin-top:0px;margin-bottom:0px;\"><div class=\"fusion-column-wrapper fusion-flex-column-wrapper-legacy\" style=\"background-position:left top;background-repeat:no-repeat;-webkit-background-size:cover;-moz-background-size:cover;-o-background-size:cover;background-size:cover;padding: 0px 0px 0px 0px;\"><div class=\"fusion-text fusion-text-2\">\n\t\t<style type=\"text\/css\">\n\t\t\t#gallery-1 {\n\t\t\t\tmargin: auto;\n\t\t\t}\n\t\t\t#gallery-1 .gallery-item {\n\t\t\t\tfloat: left;\n\t\t\t\tmargin-top: 10px;\n\t\t\t\ttext-align: center;\n\t\t\t\twidth: 50%;\n\t\t\t}\n\t\t\t#gallery-1 img {\n\t\t\t\tborder: 2px solid #cfcfcf;\n\t\t\t}\n\t\t\t#gallery-1 .gallery-caption {\n\t\t\t\tmargin-left: 0;\n\t\t\t}\n\t\t\t\/* see gallery_shortcode() in wp-includes\/media.php *\/\n\t\t<\/style>\n\t\t<div id='gallery-1' class='gallery galleryid-12569 gallery-columns-2 gallery-size-medium'><dl class='gallery-item'>\n\t\t\t<dt class='gallery-icon landscape'>\n\t\t\t\t<a data-rel=\"iLightbox[postimages]\" data-title=\"MORAGA SAN JUAN 2\" data-caption=\"Moraga\" href='https:\/\/www.realclubmaritimomelilla.es\/clmar\/moraga\/moraga-san-juan-2\/'><img decoding=\"async\" width=\"300\" height=\"200\" src=\"https:\/\/www.realclubmaritimomelilla.es\/clmar\/wp-content\/uploads\/2017\/05\/MORAGA-SAN-JUAN-2-300x200.jpg\" class=\"attachment-medium size-medium\" alt=\"\" aria-describedby=\"gallery-1-12570\" srcset=\"https:\/\/www.realclubmaritimomelilla.es\/clmar\/wp-content\/uploads\/2017\/05\/MORAGA-SAN-JUAN-2-300x200.jpg 300w, https:\/\/www.realclubmaritimomelilla.es\/clmar\/wp-content\/uploads\/2017\/05\/MORAGA-SAN-JUAN-2-600x400.jpg 600w, https:\/\/www.realclubmaritimomelilla.es\/clmar\/wp-content\/uploads\/2017\/05\/MORAGA-SAN-JUAN-2-768x512.jpg 768w, https:\/\/www.realclubmaritimomelilla.es\/clmar\/wp-content\/uploads\/2017\/05\/MORAGA-SAN-JUAN-2-1024x683.jpg 1024w, https:\/\/www.realclubmaritimomelilla.es\/clmar\/wp-content\/uploads\/2017\/05\/MORAGA-SAN-JUAN-2.jpg 1594w\" sizes=\"(max-width: 300px) 100vw, 300px\" \/><\/a>\n\t\t\t<\/dt>\n\t\t\t\t<dd class='wp-caption-text gallery-caption' id='gallery-1-12570'>\n\t\t\t\tMoraga\n\t\t\t\t<\/dd><\/dl><dl class='gallery-item'>\n\t\t\t<dt class='gallery-icon landscape'>\n\t\t\t\t<a data-rel=\"iLightbox[postimages]\" data-title=\"MORAGA SAN JUAN 3\" data-caption=\"Moraga\" href='https:\/\/www.realclubmaritimomelilla.es\/clmar\/moraga\/moraga-san-juan-3\/'><img decoding=\"async\" width=\"300\" height=\"200\" src=\"https:\/\/www.realclubmaritimomelilla.es\/clmar\/wp-content\/uploads\/2017\/05\/MORAGA-SAN-JUAN-3-300x200.jpg\" class=\"attachment-medium size-medium\" alt=\"\" aria-describedby=\"gallery-1-12571\" srcset=\"https:\/\/www.realclubmaritimomelilla.es\/clmar\/wp-content\/uploads\/2017\/05\/MORAGA-SAN-JUAN-3-300x200.jpg 300w, https:\/\/www.realclubmaritimomelilla.es\/clmar\/wp-content\/uploads\/2017\/05\/MORAGA-SAN-JUAN-3-600x400.jpg 600w, https:\/\/www.realclubmaritimomelilla.es\/clmar\/wp-content\/uploads\/2017\/05\/MORAGA-SAN-JUAN-3-768x512.jpg 768w, https:\/\/www.realclubmaritimomelilla.es\/clmar\/wp-content\/uploads\/2017\/05\/MORAGA-SAN-JUAN-3-1024x683.jpg 1024w, https:\/\/www.realclubmaritimomelilla.es\/clmar\/wp-content\/uploads\/2017\/05\/MORAGA-SAN-JUAN-3.jpg 1594w\" sizes=\"(max-width: 300px) 100vw, 300px\" \/><\/a>\n\t\t\t<\/dt>\n\t\t\t\t<dd class='wp-caption-text gallery-caption' id='gallery-1-12571'>\n\t\t\t\tMoraga\n\t\t\t\t<\/dd><\/dl><br style=\"clear: both\" \/><dl class='gallery-item'>\n\t\t\t<dt class='gallery-icon landscape'>\n\t\t\t\t<a data-rel=\"iLightbox[postimages]\" data-title=\"MORAGA SAN JUAN 2016\" data-caption=\"Moraga\" href='https:\/\/www.realclubmaritimomelilla.es\/clmar\/moraga\/moraga-san-juan-2016\/'><img decoding=\"async\" width=\"300\" height=\"200\" src=\"https:\/\/www.realclubmaritimomelilla.es\/clmar\/wp-content\/uploads\/2017\/05\/MORAGA-SAN-JUAN-2016-300x200.jpg\" class=\"attachment-medium size-medium\" alt=\"\" aria-describedby=\"gallery-1-12572\" srcset=\"https:\/\/www.realclubmaritimomelilla.es\/clmar\/wp-content\/uploads\/2017\/05\/MORAGA-SAN-JUAN-2016-300x200.jpg 300w, https:\/\/www.realclubmaritimomelilla.es\/clmar\/wp-content\/uploads\/2017\/05\/MORAGA-SAN-JUAN-2016-600x400.jpg 600w, https:\/\/www.realclubmaritimomelilla.es\/clmar\/wp-content\/uploads\/2017\/05\/MORAGA-SAN-JUAN-2016-768x512.jpg 768w, https:\/\/www.realclubmaritimomelilla.es\/clmar\/wp-content\/uploads\/2017\/05\/MORAGA-SAN-JUAN-2016-1024x683.jpg 1024w, https:\/\/www.realclubmaritimomelilla.es\/clmar\/wp-content\/uploads\/2017\/05\/MORAGA-SAN-JUAN-2016.jpg 1594w\" sizes=\"(max-width: 300px) 100vw, 300px\" \/><\/a>\n\t\t\t<\/dt>\n\t\t\t\t<dd class='wp-caption-text gallery-caption' id='gallery-1-12572'>\n\t\t\t\tMoraga\n\t\t\t\t<\/dd><\/dl><dl class='gallery-item'>\n\t\t\t<dt class='gallery-icon landscape'>\n\t\t\t\t<a data-rel=\"iLightbox[postimages]\" data-title=\"MORAGA SAN JUAN\" data-caption=\"Moraga\" href='https:\/\/www.realclubmaritimomelilla.es\/clmar\/moraga\/moraga-san-juan\/'><img decoding=\"async\" width=\"300\" height=\"225\" src=\"https:\/\/www.realclubmaritimomelilla.es\/clmar\/wp-content\/uploads\/2017\/05\/MORAGA-SAN-JUAN-300x225.jpg\" class=\"attachment-medium size-medium\" alt=\"\" aria-describedby=\"gallery-1-12573\" srcset=\"https:\/\/www.realclubmaritimomelilla.es\/clmar\/wp-content\/uploads\/2017\/05\/MORAGA-SAN-JUAN-300x225.jpg 300w, https:\/\/www.realclubmaritimomelilla.es\/clmar\/wp-content\/uploads\/2017\/05\/MORAGA-SAN-JUAN-600x450.jpg 600w, https:\/\/www.realclubmaritimomelilla.es\/clmar\/wp-content\/uploads\/2017\/05\/MORAGA-SAN-JUAN-768x576.jpg 768w, https:\/\/www.realclubmaritimomelilla.es\/clmar\/wp-content\/uploads\/2017\/05\/MORAGA-SAN-JUAN-1024x768.jpg 1024w, https:\/\/www.realclubmaritimomelilla.es\/clmar\/wp-content\/uploads\/2017\/05\/MORAGA-SAN-JUAN.jpg 1417w\" sizes=\"(max-width: 300px) 100vw, 300px\" \/><\/a>\n\t\t\t<\/dt>\n\t\t\t\t<dd class='wp-caption-text gallery-caption' id='gallery-1-12573'>\n\t\t\t\tMoraga\n\t\t\t\t<\/dd><\/dl><br style=\"clear: both\" \/>\n\t\t<\/div>\n\n<\/div><div class=\"fusion-clearfix\"><\/div><\/div><\/div><\/div><style type=\"text\/css\">.fusion-fullwidth.fusion-builder-row-1 { overflow:visible; }<\/style><\/div>\n","protected":false},"excerpt":{"rendered":"","protected":false},"author":1,"featured_media":0,"parent":0,"menu_order":0,"comment_status":"closed","ping_status":"closed","template":"","meta":{"_acf_changed":false,"footnotes":""},"class_list":["post-12569","page","type-page","status-publish","hentry"],"acf":[],"yoast_head":"<!-- This site is optimized with the Yoast SEO plugin v26.9 - https:\/\/yoast.com\/product\/yoast-seo-wordpress\/ -->\n<title>Moraga de San Juan - Real Club Mar\u00edtimo de Melilla<\/title>\n<meta name=\"description\" content=\"El Club Mar\u00edtimo son el escenario de una sardinada con la que se celebra la noche del 23 de junio, la noche de San Juan.\" \/>\n<meta name=\"robots\" content=\"index, follow, max-snippet:-1, max-image-preview:large, max-video-preview:-1\" \/>\n<link rel=\"canonical\" href=\"https:\/\/www.realclubmaritimomelilla.es\/clmar\/moraga\/\" \/>\n<meta property=\"og:locale\" content=\"es_ES\" \/>\n<meta property=\"og:type\" content=\"article\" \/>\n<meta property=\"og:title\" content=\"Moraga de San Juan - Real Club Mar\u00edtimo de Melilla\" \/>\n<meta property=\"og:description\" content=\"El Club Mar\u00edtimo son el escenario de una sardinada con la que se celebra la noche del 23 de junio, la noche de San Juan.\" \/>\n<meta property=\"og:url\" content=\"https:\/\/www.realclubmaritimomelilla.es\/clmar\/moraga\/\" \/>\n<meta property=\"og:site_name\" content=\"Real Club Mar\u00edtimo de Melilla\" \/>\n<meta property=\"article:publisher\" content=\"https:\/\/www.facebook.com\/Real-Club-Mar%c3%adtimo-de-Melilla-588495841234214\/\" \/>\n<meta property=\"article:modified_time\" content=\"2024-03-22T11:44:56+00:00\" \/>\n<meta name=\"twitter:card\" content=\"summary_large_image\" \/>\n<meta name=\"twitter:site\" content=\"@nauticarcmm\" \/>\n<meta name=\"twitter:label1\" content=\"Tiempo de lectura\" \/>\n\t<meta name=\"twitter:data1\" content=\"2 minutos\" \/>\n<script type=\"application\/ld+json\" class=\"yoast-schema-graph\">{\"@context\":\"https:\/\/schema.org\",\"@graph\":[{\"@type\":\"WebPage\",\"@id\":\"https:\/\/www.realclubmaritimomelilla.es\/clmar\/moraga\/\",\"url\":\"https:\/\/www.realclubmaritimomelilla.es\/clmar\/moraga\/\",\"name\":\"Moraga de San Juan - Real Club Mar\u00edtimo de Melilla\",\"isPartOf\":{\"@id\":\"https:\/\/www.realclubmaritimomelilla.es\/clmar\/#website\"},\"datePublished\":\"2017-05-25T12:47:24+00:00\",\"dateModified\":\"2024-03-22T11:44:56+00:00\",\"description\":\"El Club Mar\u00edtimo son el escenario de una sardinada con la que se celebra la noche del 23 de junio, la noche de San Juan.\",\"breadcrumb\":{\"@id\":\"https:\/\/www.realclubmaritimomelilla.es\/clmar\/moraga\/#breadcrumb\"},\"inLanguage\":\"es\",\"potentialAction\":[{\"@type\":\"ReadAction\",\"target\":[\"https:\/\/www.realclubmaritimomelilla.es\/clmar\/moraga\/\"]}]},{\"@type\":\"BreadcrumbList\",\"@id\":\"https:\/\/www.realclubmaritimomelilla.es\/clmar\/moraga\/#breadcrumb\",\"itemListElement\":[{\"@type\":\"ListItem\",\"position\":1,\"name\":\"Portada\",\"item\":\"https:\/\/www.realclubmaritimomelilla.es\/clmar\/\"},{\"@type\":\"ListItem\",\"position\":2,\"name\":\"Moraga de San Juan\"}]},{\"@type\":\"WebSite\",\"@id\":\"https:\/\/www.realclubmaritimomelilla.es\/clmar\/#website\",\"url\":\"https:\/\/www.realclubmaritimomelilla.es\/clmar\/\",\"name\":\"Real Club Mar\u00edtimo de Melilla\",\"description\":\"RCMM\",\"publisher\":{\"@id\":\"https:\/\/www.realclubmaritimomelilla.es\/clmar\/#organization\"},\"alternateName\":\"RCMM\",\"potentialAction\":[{\"@type\":\"SearchAction\",\"target\":{\"@type\":\"EntryPoint\",\"urlTemplate\":\"https:\/\/www.realclubmaritimomelilla.es\/clmar\/?s={search_term_string}\"},\"query-input\":{\"@type\":\"PropertyValueSpecification\",\"valueRequired\":true,\"valueName\":\"search_term_string\"}}],\"inLanguage\":\"es\"},{\"@type\":\"Organization\",\"@id\":\"https:\/\/www.realclubmaritimomelilla.es\/clmar\/#organization\",\"name\":\"Real Club Mar\u00edtimo de Melilla\",\"alternateName\":\"RCMM\",\"url\":\"https:\/\/www.realclubmaritimomelilla.es\/clmar\/\",\"logo\":{\"@type\":\"ImageObject\",\"inLanguage\":\"es\",\"@id\":\"https:\/\/www.realclubmaritimomelilla.es\/clmar\/#\/schema\/logo\/image\/\",\"url\":\"https:\/\/www.realclubmaritimomelilla.es\/clmar\/wp-content\/uploads\/logo-club-original-copia.jpg\",\"contentUrl\":\"https:\/\/www.realclubmaritimomelilla.es\/clmar\/wp-content\/uploads\/logo-club-original-copia.jpg\",\"width\":128,\"height\":89,\"caption\":\"Real Club Mar\u00edtimo de Melilla\"},\"image\":{\"@id\":\"https:\/\/www.realclubmaritimomelilla.es\/clmar\/#\/schema\/logo\/image\/\"},\"sameAs\":[\"https:\/\/www.facebook.com\/Real-Club-Mar\u00edtimo-de-Melilla-588495841234214\/\",\"https:\/\/x.com\/nauticarcmm\",\"https:\/\/www.instagram.com\/club_maritimo_melilla\/\",\"https:\/\/www.youtube.com\/@realclubmaritimodemelilla4703\",\"https:\/\/es.wikipedia.org\/wiki\/Real_Club_Mar\u00edtimo_de_Melilla\"]}]}<\/script>\n<!-- \/ Yoast SEO plugin. -->","yoast_head_json":{"title":"Moraga de San Juan - Real Club Mar\u00edtimo de Melilla","description":"El Club Mar\u00edtimo son el escenario de una sardinada con la que se celebra la noche del 23 de junio, la noche de San Juan.","robots":{"index":"index","follow":"follow","max-snippet":"max-snippet:-1","max-image-preview":"max-image-preview:large","max-video-preview":"max-video-preview:-1"},"canonical":"https:\/\/www.realclubmaritimomelilla.es\/clmar\/moraga\/","og_locale":"es_ES","og_type":"article","og_title":"Moraga de San Juan - Real Club Mar\u00edtimo de Melilla","og_description":"El Club Mar\u00edtimo son el escenario de una sardinada con la que se celebra la noche del 23 de junio, la noche de San Juan.","og_url":"https:\/\/www.realclubmaritimomelilla.es\/clmar\/moraga\/","og_site_name":"Real Club Mar\u00edtimo de Melilla","article_publisher":"https:\/\/www.facebook.com\/Real-Club-Mar%c3%adtimo-de-Melilla-588495841234214\/","article_modified_time":"2024-03-22T11:44:56+00:00","twitter_card":"summary_large_image","twitter_site":"@nauticarcmm","twitter_misc":{"Tiempo de lectura":"2 minutos"},"schema":{"@context":"https:\/\/schema.org","@graph":[{"@type":"WebPage","@id":"https:\/\/www.realclubmaritimomelilla.es\/clmar\/moraga\/","url":"https:\/\/www.realclubmaritimomelilla.es\/clmar\/moraga\/","name":"Moraga de San Juan - Real Club Mar\u00edtimo de Melilla","isPartOf":{"@id":"https:\/\/www.realclubmaritimomelilla.es\/clmar\/#website"},"datePublished":"2017-05-25T12:47:24+00:00","dateModified":"2024-03-22T11:44:56+00:00","description":"El Club Mar\u00edtimo son el escenario de una sardinada con la que se celebra la noche del 23 de junio, la noche de San Juan.","breadcrumb":{"@id":"https:\/\/www.realclubmaritimomelilla.es\/clmar\/moraga\/#breadcrumb"},"inLanguage":"es","potentialAction":[{"@type":"ReadAction","target":["https:\/\/www.realclubmaritimomelilla.es\/clmar\/moraga\/"]}]},{"@type":"BreadcrumbList","@id":"https:\/\/www.realclubmaritimomelilla.es\/clmar\/moraga\/#breadcrumb","itemListElement":[{"@type":"ListItem","position":1,"name":"Portada","item":"https:\/\/www.realclubmaritimomelilla.es\/clmar\/"},{"@type":"ListItem","position":2,"name":"Moraga de San Juan"}]},{"@type":"WebSite","@id":"https:\/\/www.realclubmaritimomelilla.es\/clmar\/#website","url":"https:\/\/www.realclubmaritimomelilla.es\/clmar\/","name":"Real Club Mar\u00edtimo de Melilla","description":"RCMM","publisher":{"@id":"https:\/\/www.realclubmaritimomelilla.es\/clmar\/#organization"},"alternateName":"RCMM","potentialAction":[{"@type":"SearchAction","target":{"@type":"EntryPoint","urlTemplate":"https:\/\/www.realclubmaritimomelilla.es\/clmar\/?s={search_term_string}"},"query-input":{"@type":"PropertyValueSpecification","valueRequired":true,"valueName":"search_term_string"}}],"inLanguage":"es"},{"@type":"Organization","@id":"https:\/\/www.realclubmaritimomelilla.es\/clmar\/#organization","name":"Real Club Mar\u00edtimo de Melilla","alternateName":"RCMM","url":"https:\/\/www.realclubmaritimomelilla.es\/clmar\/","logo":{"@type":"ImageObject","inLanguage":"es","@id":"https:\/\/www.realclubmaritimomelilla.es\/clmar\/#\/schema\/logo\/image\/","url":"https:\/\/www.realclubmaritimomelilla.es\/clmar\/wp-content\/uploads\/logo-club-original-copia.jpg","contentUrl":"https:\/\/www.realclubmaritimomelilla.es\/clmar\/wp-content\/uploads\/logo-club-original-copia.jpg","width":128,"height":89,"caption":"Real Club Mar\u00edtimo de Melilla"},"image":{"@id":"https:\/\/www.realclubmaritimomelilla.es\/clmar\/#\/schema\/logo\/image\/"},"sameAs":["https:\/\/www.facebook.com\/Real-Club-Mar\u00edtimo-de-Melilla-588495841234214\/","https:\/\/x.com\/nauticarcmm","https:\/\/www.instagram.com\/club_maritimo_melilla\/","https:\/\/www.youtube.com\/@realclubmaritimodemelilla4703","https:\/\/es.wikipedia.org\/wiki\/Real_Club_Mar\u00edtimo_de_Melilla"]}]}},"_links":{"self":[{"href":"https:\/\/www.realclubmaritimomelilla.es\/clmar\/wp-json\/wp\/v2\/pages\/12569","targetHints":{"allow":["GET"]}}],"collection":[{"href":"https:\/\/www.realclubmaritimomelilla.es\/clmar\/wp-json\/wp\/v2\/pages"}],"about":[{"href":"https:\/\/www.realclubmaritimomelilla.es\/clmar\/wp-json\/wp\/v2\/types\/page"}],"author":[{"embeddable":true,"href":"https:\/\/www.realclubmaritimomelilla.es\/clmar\/wp-json\/wp\/v2\/users\/1"}],"replies":[{"embeddable":true,"href":"https:\/\/www.realclubmaritimomelilla.es\/clmar\/wp-json\/wp\/v2\/comments?post=12569"}],"version-history":[{"count":3,"href":"https:\/\/www.realclubmaritimomelilla.es\/clmar\/wp-json\/wp\/v2\/pages\/12569\/revisions"}],"predecessor-version":[{"id":21996,"href":"https:\/\/www.realclubmaritimomelilla.es\/clmar\/wp-json\/wp\/v2\/pages\/12569\/revisions\/21996"}],"wp:attachment":[{"href":"https:\/\/www.realclubmaritimomelilla.es\/clmar\/wp-json\/wp\/v2\/media?parent=12569"}],"curies":[{"name":"wp","href":"https:\/\/api.w.org\/{rel}","templated":true}]}}