{"id":12541,"date":"2017-05-25T12:26:58","date_gmt":"2017-05-25T12:26:58","guid":{"rendered":"http:\/\/www.clubmaritimomelilla.es\/clmar\/?page_id=12541"},"modified":"2024-03-22T11:57:33","modified_gmt":"2024-03-22T10:57:33","slug":"gimnasio","status":"publish","type":"page","link":"https:\/\/www.realclubmaritimomelilla.es\/clmar\/gimnasio\/","title":{"rendered":"Gimnasio"},"content":{"rendered":"<div class=\"fusion-fullwidth fullwidth-box fusion-builder-row-1 hundred-percent-fullwidth non-hundred-percent-height-scrolling\" style=\"background-color: #ffffff;background-position: center center;background-repeat: no-repeat;padding-top:0px;padding-right:0px;padding-bottom:0px;padding-left:0px;margin-bottom: 0px;margin-top: 0px;border-width: 0px 0px 0px 0px;border-color:#eae9e9;border-style:solid;\" ><div class=\"fusion-builder-row fusion-row\"><div class=\"fusion-layout-column fusion_builder_column fusion-builder-column-0 fusion_builder_column_1_1 1_1 fusion-one-full fusion-column-first fusion-column-last\" style=\"margin-top:0px;margin-bottom:20px;\"><div class=\"fusion-column-wrapper fusion-flex-column-wrapper-legacy\" style=\"background-position:left top;background-repeat:no-repeat;-webkit-background-size:cover;-moz-background-size:cover;-o-background-size:cover;background-size:cover;padding: 0px 0px 0px 0px;\"><style type=\"text\/css\"><\/style><div class=\"fusion-title title fusion-title-1 fusion-title-center fusion-title-text fusion-title-size-two\" style=\"margin-top:10px;margin-right:0px;margin-bottom:15px;margin-left:0px;\"><div class=\"title-sep-container title-sep-container-left\"><div class=\"title-sep sep-double sep-solid\" style=\"border-color:#e0dede;\"><\/div><\/div><span class=\"awb-title-spacer\"><\/span><h2 class=\"title-heading-center\" style=\"margin:0;\"><p style=\"text-align: center;\"><strong><span style=\"color: #5092d3;\">Gimnasio<br \/>\n<\/span><\/strong><\/p><\/h2><span class=\"awb-title-spacer\"><\/span><div class=\"title-sep-container title-sep-container-right\"><div class=\"title-sep sep-double sep-solid\" style=\"border-color:#e0dede;\"><\/div><\/div><\/div><div class=\"fusion-clearfix\"><\/div><\/div><\/div><div class=\"fusion-layout-column fusion_builder_column fusion-builder-column-1 fusion_builder_column_1_1 1_1 fusion-one-full fusion-column-first fusion-column-last\" style=\"margin-top:0px;margin-bottom:20px;\"><div class=\"fusion-column-wrapper fusion-flex-column-wrapper-legacy\" style=\"background-position:left top;background-repeat:no-repeat;-webkit-background-size:cover;-moz-background-size:cover;-o-background-size:cover;background-size:cover;padding: 0px 0px 0px 0px;\"><div class=\"fusion-text fusion-text-1\"><p align=\"justify\">El a\u00f1o 2008, en noviembre, se culmin\u00f3 la primera fase de un ambicioso proyecto que consisti\u00f3 en la remodelaci\u00f3n integral del edificio principal del Club Mar\u00edtimo, en el que se tuvo en cuenta la reubicaci\u00f3n y modernizaci\u00f3n del gimnasio. De esta forma, atendiendo a una creciente petici\u00f3n de los socios, el gimnasio \u2018Herm\u00f3genes Mart\u00ednez del Buey\u2019 cambiaba de ubicaci\u00f3n, despu\u00e9s de que durante m\u00e1s de una d\u00e9cada estuviese situado en la zona central del edificio.<\/p>\n<p align=\"justify\">Las instalaciones, que desde finales de 2008 ya disfrutan los socios del Club Mar\u00edtimo, cuentan con m\u00e1s de 210 metros cuadrados destinados a la musculaci\u00f3n y acondicionamiento f\u00edsico. Un espacio dividido en dos alturas, en las que se separan los aparatos para musculaci\u00f3n, con una zona dedicada al trabajo aer\u00f3bico, con bicicletas, cintas y el\u00edpticas. Aparataje de \u00faltima generaci\u00f3n y en constante renovaci\u00f3n, para seguir ofreciendo el mejor servicio posible a los socios que han elegido estas instalaciones para ponerse y mantenerse en forma.<\/p>\n<p align=\"justify\">El gimnasio del Club Mar\u00edtimo tambi\u00e9n cuenta con un monitor, a tiempo parcial, que sirve de apoyo a los usuarios que utilizan este servicio.<\/p>\n<p align=\"justify\">Ahora los servicios que ofrece este gimnasio son diversos, ya que se pueden practicar todo tipo de ejercicios. De igual forma, las demandas de los socios usuarios del mismo se tienen en cuentan con la renovaci\u00f3n y paulatina mejora del equipamiento.<\/p>\n<\/div><div class=\"fusion-clearfix\"><\/div><\/div><\/div><div class=\"fusion-layout-column fusion_builder_column fusion-builder-column-2 fusion_builder_column_1_1 1_1 fusion-one-full fusion-column-first fusion-column-last fusion-column-no-min-height\" style=\"margin-top:0px;margin-bottom:0px;\"><div class=\"fusion-column-wrapper fusion-flex-column-wrapper-legacy\" style=\"background-position:left top;background-repeat:no-repeat;-webkit-background-size:cover;-moz-background-size:cover;-o-background-size:cover;background-size:cover;padding: 0px 0px 0px 0px;\"><div class=\"fusion-text fusion-text-2\"><p style=\"text-align: center;\"><div class=\"flexslider ewic-slider-lite is_on_\" id=\"ewic-con-2195769f9132e7a11e\"><style>#ewic-con-2195769f9132e7a11e .flex-direction-nav .flex-next, #ewic-con-2195769f9132e7a11e .flex-direction-nav .flex-prev {opacity: 1;} #ewic-con-2195769f9132e7a11e .flex-direction-nav .flex-next {right: 10px !important; text-align: right !important;} #ewic-con-2195769f9132e7a11e .flex-direction-nav .flex-prev {left: 10px !important;}<\/style><div id=\"preloader-2195769f9132e7a11e\" class=\"sliderpreloader\"><\/div><ul style=\"display:none;\" class=\"slides flexslider-2195769f9132e7a11e\"><li class=\"ewic-slider\"><a href=\"https:\/\/www.realclubmaritimomelilla.es\/clmar\/wp-content\/uploads\/2016\/07\/11_GIMNASIO1.jpg\" title=\"11_GIMNASIO1\" rel=\"ewicprettyPhoto[2195769f9132e7a11e]\"><img decoding=\"async\" title=\"11_GIMNASIO1\" class=\"ewic-wid-imgs\" src=\"https:\/\/www.realclubmaritimomelilla.es\/clmar\/wp-content\/uploads\/2016\/07\/11_GIMNASIO1.jpg\" \/><p class=\"flex-caption\">11_GIMNASIO1<\/p><\/a><\/li><li class=\"ewic-slider\"><a href=\"https:\/\/www.realclubmaritimomelilla.es\/clmar\/wp-content\/uploads\/2016\/07\/11_GIMNASIO2.jpg\" title=\"11_GIMNASIO2\" rel=\"ewicprettyPhoto[2195769f9132e7a11e]\"><img decoding=\"async\" title=\"11_GIMNASIO2\" class=\"ewic-wid-imgs\" src=\"https:\/\/www.realclubmaritimomelilla.es\/clmar\/wp-content\/uploads\/2016\/07\/11_GIMNASIO2.jpg\" \/><p class=\"flex-caption\">11_GIMNASIO2<\/p><\/a><\/li><\/ul><script type=\"text\/javascript\">\r\n\tjQuery(document).ready(function($) {\r\n\r\n\t\t$(\"#preloader-2195769f9132e7a11e\").fadeOut(500, function () {\r\n\r\n\t\t\t$(\"#ewic-con-2195769f9132e7a11e\").addClass(\"ready_to_show\");\r\n\r\n\t\t\t$(\"a[rel^='ewicprettyPhoto[2195769f9132e7a11e]']\").ewcPhoto({\r\n\t\t\t\ttheme: \"ewc_default\",\r\n\t\t\t\tallow_expand: false,\r\n\t\t\t\tdeeplinking: false,\r\n\t\t\t\tslideshow:5000,\r\n\t\t\t\tautoplay_slideshow:true,\r\n\t\t\t\tsocial_tools:false\r\n\t\t\t});\r\n\r\n\t\t\t$(\".flexslider-2195769f9132e7a11e\").fadeIn(300);\r\n\r\n\t\t\t$(\"#ewic-con-2195769f9132e7a11e\").flexslider({\r\n\t\t\t\tanimation: \"slide\",\r\n\t\t\t\tanimationSpeed: 0,\r\n\t\t\t\tuseCSS: false,\r\n\t\t\t\teasing: \"easeInQuad\",\r\n\t\t\t\tdirection: \"horizontal\",\r\n\t\t\t\tslideshow: true,\r\n\t\t\t\tsmoothHeight: true,\r\n\t\t\t\tpauseOnHover: true,\r\n\t\t\t\tcontrolNav: false,\r\n\t\t\t\tprevText: \"\",\r\n\t\t\t\tnextText: \"\",\r\n\t\t\t\trtl: false,\r\n\t\t\t\tslideshowSpeed: 5000,\r\n\t\t\t\tstart: function(slider){\r\n\t\t\t\t\t$(\"#ewic-con-2195769f9132e7a11e\").find(\".flex-caption\").hide();\r\n\t\t\t\t\tvar curSlide = slider.find(\"li.flex-active-slide\");\r\n\t\t\t\t\t$(curSlide).find(\".flex-caption\").slideDown();\r\n\t\t\t\t},\r\n\t\t\t\tbefore: function(slider) {\r\n\t\t\t\t\t$(\"#ewic-con-2195769f9132e7a11e\").find(\".flex-caption\").slideUp();\r\n\t\t\t\t},\r\n\t\t\t\tafter: function(slider) {\r\n\t\t\t\t\tvar curSlide = slider.find(\"li.flex-active-slide\");\r\n\t\t\t\t\t$(curSlide).find(\".flex-caption\").slideDown();\r\n\t\t\t\t}\r\n\r\n\t\t\t});\r\n\r\n\t\t});\r\n\r\n\t});\r\n<\/script><\/div>\r\n<\/p>\n<\/div><div class=\"fusion-clearfix\"><\/div><\/div><\/div><\/div><style type=\"text\/css\">.fusion-fullwidth.fusion-builder-row-1 { overflow:visible; }<\/style><\/div>\n","protected":false},"excerpt":{"rendered":"","protected":false},"author":1,"featured_media":0,"parent":0,"menu_order":0,"comment_status":"closed","ping_status":"closed","template":"","meta":{"_acf_changed":false,"footnotes":""},"class_list":["post-12541","page","type-page","status-publish","hentry"],"acf":[],"yoast_head":"<!-- This site is optimized with the Yoast SEO plugin v27.5 - https:\/\/yoast.com\/product\/yoast-seo-wordpress\/ -->\n<title>Gimnasio - Real Club Mar\u00edtimo de Melilla<\/title>\n<meta name=\"description\" content=\"En noviembre de 2008, atendiendo a la petici\u00f3n de los socios, el gimnasio \u2018Herm\u00f3genes Mart\u00ednez del Buey\u2019 se cambi\u00f3 de ubicaci\u00f3n.\" \/>\n<meta name=\"robots\" content=\"index, follow, max-snippet:-1, max-image-preview:large, max-video-preview:-1\" \/>\n<link rel=\"canonical\" href=\"https:\/\/www.realclubmaritimomelilla.es\/clmar\/gimnasio\/\" \/>\n<meta property=\"og:locale\" content=\"es_ES\" \/>\n<meta property=\"og:type\" content=\"article\" \/>\n<meta property=\"og:title\" content=\"Gimnasio - Real Club Mar\u00edtimo de Melilla\" \/>\n<meta property=\"og:description\" content=\"En noviembre de 2008, atendiendo a la petici\u00f3n de los socios, el gimnasio \u2018Herm\u00f3genes Mart\u00ednez del Buey\u2019 se cambi\u00f3 de ubicaci\u00f3n.\" \/>\n<meta property=\"og:url\" content=\"https:\/\/www.realclubmaritimomelilla.es\/clmar\/gimnasio\/\" \/>\n<meta property=\"og:site_name\" content=\"Real Club Mar\u00edtimo de Melilla\" \/>\n<meta property=\"article:publisher\" content=\"https:\/\/www.facebook.com\/Real-Club-Mar%c3%adtimo-de-Melilla-588495841234214\/\" \/>\n<meta property=\"article:modified_time\" content=\"2024-03-22T10:57:33+00:00\" \/>\n<meta name=\"twitter:card\" content=\"summary_large_image\" \/>\n<meta name=\"twitter:site\" content=\"@nauticarcmm\" \/>\n<meta name=\"twitter:label1\" content=\"Tiempo de lectura\" \/>\n\t<meta name=\"twitter:data1\" content=\"3 minutos\" \/>\n<script type=\"application\/ld+json\" class=\"yoast-schema-graph\">{\"@context\":\"https:\\\/\\\/schema.org\",\"@graph\":[{\"@type\":\"WebPage\",\"@id\":\"https:\\\/\\\/www.realclubmaritimomelilla.es\\\/clmar\\\/gimnasio\\\/\",\"url\":\"https:\\\/\\\/www.realclubmaritimomelilla.es\\\/clmar\\\/gimnasio\\\/\",\"name\":\"Gimnasio - Real Club Mar\u00edtimo de Melilla\",\"isPartOf\":{\"@id\":\"https:\\\/\\\/www.realclubmaritimomelilla.es\\\/clmar\\\/#website\"},\"datePublished\":\"2017-05-25T12:26:58+00:00\",\"dateModified\":\"2024-03-22T10:57:33+00:00\",\"description\":\"En noviembre de 2008, atendiendo a la petici\u00f3n de los socios, el gimnasio \u2018Herm\u00f3genes Mart\u00ednez del Buey\u2019 se cambi\u00f3 de ubicaci\u00f3n.\",\"breadcrumb\":{\"@id\":\"https:\\\/\\\/www.realclubmaritimomelilla.es\\\/clmar\\\/gimnasio\\\/#breadcrumb\"},\"inLanguage\":\"es\",\"potentialAction\":[{\"@type\":\"ReadAction\",\"target\":[\"https:\\\/\\\/www.realclubmaritimomelilla.es\\\/clmar\\\/gimnasio\\\/\"]}]},{\"@type\":\"BreadcrumbList\",\"@id\":\"https:\\\/\\\/www.realclubmaritimomelilla.es\\\/clmar\\\/gimnasio\\\/#breadcrumb\",\"itemListElement\":[{\"@type\":\"ListItem\",\"position\":1,\"name\":\"Portada\",\"item\":\"https:\\\/\\\/www.realclubmaritimomelilla.es\\\/clmar\\\/\"},{\"@type\":\"ListItem\",\"position\":2,\"name\":\"Gimnasio\"}]},{\"@type\":\"WebSite\",\"@id\":\"https:\\\/\\\/www.realclubmaritimomelilla.es\\\/clmar\\\/#website\",\"url\":\"https:\\\/\\\/www.realclubmaritimomelilla.es\\\/clmar\\\/\",\"name\":\"Real Club Mar\u00edtimo de Melilla\",\"description\":\"RCMM\",\"publisher\":{\"@id\":\"https:\\\/\\\/www.realclubmaritimomelilla.es\\\/clmar\\\/#organization\"},\"alternateName\":\"RCMM\",\"potentialAction\":[{\"@type\":\"SearchAction\",\"target\":{\"@type\":\"EntryPoint\",\"urlTemplate\":\"https:\\\/\\\/www.realclubmaritimomelilla.es\\\/clmar\\\/?s={search_term_string}\"},\"query-input\":{\"@type\":\"PropertyValueSpecification\",\"valueRequired\":true,\"valueName\":\"search_term_string\"}}],\"inLanguage\":\"es\"},{\"@type\":\"Organization\",\"@id\":\"https:\\\/\\\/www.realclubmaritimomelilla.es\\\/clmar\\\/#organization\",\"name\":\"Real Club Mar\u00edtimo de Melilla\",\"alternateName\":\"RCMM\",\"url\":\"https:\\\/\\\/www.realclubmaritimomelilla.es\\\/clmar\\\/\",\"logo\":{\"@type\":\"ImageObject\",\"inLanguage\":\"es\",\"@id\":\"https:\\\/\\\/www.realclubmaritimomelilla.es\\\/clmar\\\/#\\\/schema\\\/logo\\\/image\\\/\",\"url\":\"https:\\\/\\\/www.realclubmaritimomelilla.es\\\/clmar\\\/wp-content\\\/uploads\\\/logo-club-original-copia.jpg\",\"contentUrl\":\"https:\\\/\\\/www.realclubmaritimomelilla.es\\\/clmar\\\/wp-content\\\/uploads\\\/logo-club-original-copia.jpg\",\"width\":128,\"height\":89,\"caption\":\"Real Club Mar\u00edtimo de Melilla\"},\"image\":{\"@id\":\"https:\\\/\\\/www.realclubmaritimomelilla.es\\\/clmar\\\/#\\\/schema\\\/logo\\\/image\\\/\"},\"sameAs\":[\"https:\\\/\\\/www.facebook.com\\\/Real-Club-Mar\u00edtimo-de-Melilla-588495841234214\\\/\",\"https:\\\/\\\/x.com\\\/nauticarcmm\",\"https:\\\/\\\/www.instagram.com\\\/club_maritimo_melilla\\\/\",\"https:\\\/\\\/www.youtube.com\\\/@realclubmaritimodemelilla4703\",\"https:\\\/\\\/es.wikipedia.org\\\/wiki\\\/Real_Club_Mar\u00edtimo_de_Melilla\"]}]}<\/script>\n<!-- \/ Yoast SEO plugin. -->","yoast_head_json":{"title":"Gimnasio - Real Club Mar\u00edtimo de Melilla","description":"En noviembre de 2008, atendiendo a la petici\u00f3n de los socios, el gimnasio \u2018Herm\u00f3genes Mart\u00ednez del Buey\u2019 se cambi\u00f3 de ubicaci\u00f3n.","robots":{"index":"index","follow":"follow","max-snippet":"max-snippet:-1","max-image-preview":"max-image-preview:large","max-video-preview":"max-video-preview:-1"},"canonical":"https:\/\/www.realclubmaritimomelilla.es\/clmar\/gimnasio\/","og_locale":"es_ES","og_type":"article","og_title":"Gimnasio - Real Club Mar\u00edtimo de Melilla","og_description":"En noviembre de 2008, atendiendo a la petici\u00f3n de los socios, el gimnasio \u2018Herm\u00f3genes Mart\u00ednez del Buey\u2019 se cambi\u00f3 de ubicaci\u00f3n.","og_url":"https:\/\/www.realclubmaritimomelilla.es\/clmar\/gimnasio\/","og_site_name":"Real Club Mar\u00edtimo de Melilla","article_publisher":"https:\/\/www.facebook.com\/Real-Club-Mar%c3%adtimo-de-Melilla-588495841234214\/","article_modified_time":"2024-03-22T10:57:33+00:00","twitter_card":"summary_large_image","twitter_site":"@nauticarcmm","twitter_misc":{"Tiempo de lectura":"3 minutos"},"schema":{"@context":"https:\/\/schema.org","@graph":[{"@type":"WebPage","@id":"https:\/\/www.realclubmaritimomelilla.es\/clmar\/gimnasio\/","url":"https:\/\/www.realclubmaritimomelilla.es\/clmar\/gimnasio\/","name":"Gimnasio - Real Club Mar\u00edtimo de Melilla","isPartOf":{"@id":"https:\/\/www.realclubmaritimomelilla.es\/clmar\/#website"},"datePublished":"2017-05-25T12:26:58+00:00","dateModified":"2024-03-22T10:57:33+00:00","description":"En noviembre de 2008, atendiendo a la petici\u00f3n de los socios, el gimnasio \u2018Herm\u00f3genes Mart\u00ednez del Buey\u2019 se cambi\u00f3 de ubicaci\u00f3n.","breadcrumb":{"@id":"https:\/\/www.realclubmaritimomelilla.es\/clmar\/gimnasio\/#breadcrumb"},"inLanguage":"es","potentialAction":[{"@type":"ReadAction","target":["https:\/\/www.realclubmaritimomelilla.es\/clmar\/gimnasio\/"]}]},{"@type":"BreadcrumbList","@id":"https:\/\/www.realclubmaritimomelilla.es\/clmar\/gimnasio\/#breadcrumb","itemListElement":[{"@type":"ListItem","position":1,"name":"Portada","item":"https:\/\/www.realclubmaritimomelilla.es\/clmar\/"},{"@type":"ListItem","position":2,"name":"Gimnasio"}]},{"@type":"WebSite","@id":"https:\/\/www.realclubmaritimomelilla.es\/clmar\/#website","url":"https:\/\/www.realclubmaritimomelilla.es\/clmar\/","name":"Real Club Mar\u00edtimo de Melilla","description":"RCMM","publisher":{"@id":"https:\/\/www.realclubmaritimomelilla.es\/clmar\/#organization"},"alternateName":"RCMM","potentialAction":[{"@type":"SearchAction","target":{"@type":"EntryPoint","urlTemplate":"https:\/\/www.realclubmaritimomelilla.es\/clmar\/?s={search_term_string}"},"query-input":{"@type":"PropertyValueSpecification","valueRequired":true,"valueName":"search_term_string"}}],"inLanguage":"es"},{"@type":"Organization","@id":"https:\/\/www.realclubmaritimomelilla.es\/clmar\/#organization","name":"Real Club Mar\u00edtimo de Melilla","alternateName":"RCMM","url":"https:\/\/www.realclubmaritimomelilla.es\/clmar\/","logo":{"@type":"ImageObject","inLanguage":"es","@id":"https:\/\/www.realclubmaritimomelilla.es\/clmar\/#\/schema\/logo\/image\/","url":"https:\/\/www.realclubmaritimomelilla.es\/clmar\/wp-content\/uploads\/logo-club-original-copia.jpg","contentUrl":"https:\/\/www.realclubmaritimomelilla.es\/clmar\/wp-content\/uploads\/logo-club-original-copia.jpg","width":128,"height":89,"caption":"Real Club Mar\u00edtimo de Melilla"},"image":{"@id":"https:\/\/www.realclubmaritimomelilla.es\/clmar\/#\/schema\/logo\/image\/"},"sameAs":["https:\/\/www.facebook.com\/Real-Club-Mar\u00edtimo-de-Melilla-588495841234214\/","https:\/\/x.com\/nauticarcmm","https:\/\/www.instagram.com\/club_maritimo_melilla\/","https:\/\/www.youtube.com\/@realclubmaritimodemelilla4703","https:\/\/es.wikipedia.org\/wiki\/Real_Club_Mar\u00edtimo_de_Melilla"]}]}},"_links":{"self":[{"href":"https:\/\/www.realclubmaritimomelilla.es\/clmar\/wp-json\/wp\/v2\/pages\/12541","targetHints":{"allow":["GET"]}}],"collection":[{"href":"https:\/\/www.realclubmaritimomelilla.es\/clmar\/wp-json\/wp\/v2\/pages"}],"about":[{"href":"https:\/\/www.realclubmaritimomelilla.es\/clmar\/wp-json\/wp\/v2\/types\/page"}],"author":[{"embeddable":true,"href":"https:\/\/www.realclubmaritimomelilla.es\/clmar\/wp-json\/wp\/v2\/users\/1"}],"replies":[{"embeddable":true,"href":"https:\/\/www.realclubmaritimomelilla.es\/clmar\/wp-json\/wp\/v2\/comments?post=12541"}],"version-history":[{"count":5,"href":"https:\/\/www.realclubmaritimomelilla.es\/clmar\/wp-json\/wp\/v2\/pages\/12541\/revisions"}],"predecessor-version":[{"id":21959,"href":"https:\/\/www.realclubmaritimomelilla.es\/clmar\/wp-json\/wp\/v2\/pages\/12541\/revisions\/21959"}],"wp:attachment":[{"href":"https:\/\/www.realclubmaritimomelilla.es\/clmar\/wp-json\/wp\/v2\/media?parent=12541"}],"curies":[{"name":"wp","href":"https:\/\/api.w.org\/{rel}","templated":true}]}}