{"id":12510,"date":"2017-05-25T12:11:46","date_gmt":"2017-05-25T12:11:46","guid":{"rendered":"http:\/\/www.clubmaritimomelilla.es\/clmar\/?page_id=12510"},"modified":"2024-03-22T13:41:41","modified_gmt":"2024-03-22T12:41:41","slug":"padel","status":"publish","type":"page","link":"https:\/\/www.realclubmaritimomelilla.es\/clmar\/padel\/","title":{"rendered":"P\u00e1del"},"content":{"rendered":"<div class=\"fusion-fullwidth fullwidth-box fusion-builder-row-1 hundred-percent-fullwidth non-hundred-percent-height-scrolling\" style=\"background-color: #ffffff;background-position: center center;background-repeat: no-repeat;padding-top:0px;padding-right:0px;padding-bottom:0px;padding-left:0px;margin-bottom: 0px;margin-top: 0px;border-width: 0px 0px 0px 0px;border-color:#eae9e9;border-style:solid;\" ><div class=\"fusion-builder-row fusion-row\"><div class=\"fusion-layout-column fusion_builder_column fusion-builder-column-0 fusion_builder_column_1_1 1_1 fusion-one-full fusion-column-first fusion-column-last\" style=\"margin-top:0px;margin-bottom:20px;\"><div class=\"fusion-column-wrapper fusion-flex-column-wrapper-legacy\" style=\"background-position:left top;background-repeat:no-repeat;-webkit-background-size:cover;-moz-background-size:cover;-o-background-size:cover;background-size:cover;padding: 0px 0px 0px 0px;\"><style type=\"text\/css\"><\/style><div class=\"fusion-title title fusion-title-1 fusion-title-center fusion-title-text fusion-title-size-two\" style=\"margin-top:10px;margin-right:0px;margin-bottom:15px;margin-left:0px;\"><div class=\"title-sep-container title-sep-container-left\"><div class=\"title-sep sep-double sep-solid\" style=\"border-color:#e0dede;\"><\/div><\/div><span class=\"awb-title-spacer\"><\/span><h2 class=\"title-heading-center\" style=\"margin:0;\"><p style=\"text-align: center;\"><strong><span style=\"color: #5092d3;\">P\u00e1del<br \/>\n<\/span><\/strong><\/p><\/h2><span class=\"awb-title-spacer\"><\/span><div class=\"title-sep-container title-sep-container-right\"><div class=\"title-sep sep-double sep-solid\" style=\"border-color:#e0dede;\"><\/div><\/div><\/div><div class=\"fusion-clearfix\"><\/div><\/div><\/div><div class=\"fusion-layout-column fusion_builder_column fusion-builder-column-1 fusion_builder_column_1_1 1_1 fusion-one-full fusion-column-first fusion-column-last\" style=\"margin-top:0px;margin-bottom:20px;\"><div class=\"fusion-column-wrapper fusion-flex-column-wrapper-legacy\" style=\"background-position:left top;background-repeat:no-repeat;-webkit-background-size:cover;-moz-background-size:cover;-o-background-size:cover;background-size:cover;padding: 0px 0px 0px 0px;\"><div class=\"fusion-text fusion-text-1\"><p align=\"justify\">El Club Mar\u00edtimo ha estado a la vanguardia del p\u00e1del en la ciudad aut\u00f3noma. En el a\u00f1o 1998 fue la primera entidad en disponer de dos pistas homologadas y con las medidas reglamentarias. Esto ha dado pie a la creaci\u00f3n de una escuela de iniciaci\u00f3n y perfeccionamiento, que se gestiona en colaboraci\u00f3n con la Federaci\u00f3n Melillense de P\u00e1del, a incluso disponer de equipos absolutos en categor\u00eda nacional.<\/p>\n<p align=\"justify\">En los \u00faltimos diez a\u00f1os, el Club Mar\u00edtimo, ha contado con dos equipos (masculino y femenino) en el grupo \u00e9lite de la Federaci\u00f3n Espa\u00f1ola de P\u00e1del. As\u00ed, en 2007 ambos conjuntos ascendieron a Primera Divisi\u00f3n, donde se han mantenido m\u00e1s de un lustro entre los ocho mejores clubes de todo el pa\u00eds. Actualmente, est\u00e1n encuadrados en la Segunda Divisi\u00f3n, donde compiten con sendos equipos en los que hay una amplia representaci\u00f3n de jugadores locales y adscritos a nuestro club. De esta forma, se mantienen los equipos en una de las categor\u00edas por clubes m\u00e1s importantes a nivel espa\u00f1ol, al tiempo de que se promociona y potencia la base local de p\u00e1del.<\/p>\n<p align=\"justify\">Al mismo tiempo, en 2016 se particip\u00f3 por primera vez en el Campeonato de Espa\u00f1a de Clubes J\u00fanior, logrando un destacado \u00e9xito. El Club Mar\u00edtimo arranc\u00f3 desde la Segunda Divisi\u00f3n y ese a\u00f1o se logr\u00f3 ser campeones de la competici\u00f3n y la categor\u00eda, lo que al mismo tiempo les dio derecho al ascenso. Por lo que, desde 2017 tambi\u00e9n se cuenta con un equipo j\u00fanior en la \u00e9lite espa\u00f1ola.<\/p>\n<p align=\"justify\">A nivel local, aunque en la actualidad no se cuente con instalaciones propias hasta la finalizaci\u00f3n del proyecto de la Piscina Cubierta, lo cierto es que se cuenta con una importante actividad en la Escuela Deportiva en colaboraci\u00f3n con la Territorial de P\u00e1del. Tambi\u00e9n colabora y patrocina, el Club, diferentes torneos solidarios que se disputan a lo largo del a\u00f1o en Melilla.<\/p>\n<\/div><div class=\"fusion-clearfix\"><\/div><\/div><\/div><div class=\"fusion-layout-column fusion_builder_column fusion-builder-column-2 fusion_builder_column_1_1 1_1 fusion-one-full fusion-column-first fusion-column-last fusion-column-no-min-height\" style=\"margin-top:0px;margin-bottom:0px;\"><div class=\"fusion-column-wrapper fusion-flex-column-wrapper-legacy\" style=\"background-position:left top;background-repeat:no-repeat;-webkit-background-size:cover;-moz-background-size:cover;-o-background-size:cover;background-size:cover;padding: 0px 0px 0px 0px;\"><div class=\"fusion-text fusion-text-2\"><p style=\"text-align: center;\"><div class=\"flexslider ewic-slider-lite is_on_\" id=\"ewic-con-1251169f904ddb9cc9\"><style>#ewic-con-1251169f904ddb9cc9 .flex-direction-nav .flex-next, #ewic-con-1251169f904ddb9cc9 .flex-direction-nav .flex-prev {opacity: 1;} #ewic-con-1251169f904ddb9cc9 .flex-direction-nav .flex-next {right: 10px !important; text-align: right !important;} #ewic-con-1251169f904ddb9cc9 .flex-direction-nav .flex-prev {left: 10px !important;}<\/style><div id=\"preloader-1251169f904ddb9cc9\" class=\"sliderpreloader\"><\/div><ul style=\"display:none;\" class=\"slides flexslider-1251169f904ddb9cc9\"><li class=\"ewic-slider\"><a href=\"https:\/\/www.realclubmaritimomelilla.es\/clmar\/wp-content\/uploads\/2017\/05\/PADEL-equipo-femenino-2-\u00ac.jpg\" title=\"PADEL Equipo Femenino\" rel=\"ewicprettyPhoto[1251169f904ddb9cc9]\"><img decoding=\"async\" title=\"PADEL Equipo Femenino\" class=\"ewic-wid-imgs\" src=\"https:\/\/www.realclubmaritimomelilla.es\/clmar\/wp-content\/uploads\/2017\/05\/PADEL-equipo-femenino-2-\u00ac.jpg\" \/><p class=\"flex-caption\">PADEL Equipo Femenino<\/p><\/a><\/li><li class=\"ewic-slider\"><a href=\"https:\/\/www.realclubmaritimomelilla.es\/clmar\/wp-content\/uploads\/2017\/05\/PADEL-equipo-junior-campeon-2-\u00ac.jpg\" title=\"PADEL Equipo Junior Campeon\" rel=\"ewicprettyPhoto[1251169f904ddb9cc9]\"><img decoding=\"async\" title=\"PADEL Equipo Junior Campeon\" class=\"ewic-wid-imgs\" src=\"https:\/\/www.realclubmaritimomelilla.es\/clmar\/wp-content\/uploads\/2017\/05\/PADEL-equipo-junior-campeon-2-\u00ac.jpg\" \/><p class=\"flex-caption\">PADEL Equipo Junior Campeon<\/p><\/a><\/li><li class=\"ewic-slider\"><a href=\"https:\/\/www.realclubmaritimomelilla.es\/clmar\/wp-content\/uploads\/2017\/05\/PADEL-equipo-masculino-2-\u00ac.jpg\" title=\"PADEL Equipo Masculino\" rel=\"ewicprettyPhoto[1251169f904ddb9cc9]\"><img decoding=\"async\" title=\"PADEL Equipo Masculino\" class=\"ewic-wid-imgs\" src=\"https:\/\/www.realclubmaritimomelilla.es\/clmar\/wp-content\/uploads\/2017\/05\/PADEL-equipo-masculino-2-\u00ac.jpg\" \/><p class=\"flex-caption\">PADEL Equipo Masculino<\/p><\/a><\/li><li class=\"ewic-slider\"><a href=\"https:\/\/www.realclubmaritimomelilla.es\/clmar\/wp-content\/uploads\/2017\/05\/PADEL-virgen-del-carmen.jpg\" title=\"PADEL Virgen Del Carmen\" rel=\"ewicprettyPhoto[1251169f904ddb9cc9]\"><img decoding=\"async\" title=\"PADEL Virgen Del Carmen\" class=\"ewic-wid-imgs\" src=\"https:\/\/www.realclubmaritimomelilla.es\/clmar\/wp-content\/uploads\/2017\/05\/PADEL-virgen-del-carmen.jpg\" \/><p class=\"flex-caption\">PADEL Virgen Del Carmen<\/p><\/a><\/li><li class=\"ewic-slider\"><a href=\"https:\/\/www.realclubmaritimomelilla.es\/clmar\/wp-content\/uploads\/2017\/05\/PADEL-virgen-del-carmen2.jpg\" title=\"PADEL Virgen Del Carmen2\" rel=\"ewicprettyPhoto[1251169f904ddb9cc9]\"><img decoding=\"async\" title=\"PADEL Virgen Del Carmen2\" class=\"ewic-wid-imgs\" src=\"https:\/\/www.realclubmaritimomelilla.es\/clmar\/wp-content\/uploads\/2017\/05\/PADEL-virgen-del-carmen2.jpg\" \/><p class=\"flex-caption\">PADEL Virgen Del Carmen2<\/p><\/a><\/li><li class=\"ewic-slider\"><a href=\"https:\/\/www.realclubmaritimomelilla.es\/clmar\/wp-content\/uploads\/2017\/05\/PADEL-virgen-del-carmen3.jpg\" title=\"PADEL Virgen Del Carmen3\" rel=\"ewicprettyPhoto[1251169f904ddb9cc9]\"><img decoding=\"async\" title=\"PADEL Virgen Del Carmen3\" class=\"ewic-wid-imgs\" src=\"https:\/\/www.realclubmaritimomelilla.es\/clmar\/wp-content\/uploads\/2017\/05\/PADEL-virgen-del-carmen3.jpg\" \/><p class=\"flex-caption\">PADEL Virgen Del Carmen3<\/p><\/a><\/li><\/ul><script type=\"text\/javascript\">\r\n\tjQuery(document).ready(function($) {\r\n\r\n\t\t$(\"#preloader-1251169f904ddb9cc9\").fadeOut(500, function () {\r\n\r\n\t\t\t$(\"#ewic-con-1251169f904ddb9cc9\").addClass(\"ready_to_show\");\r\n\r\n\t\t\t$(\"a[rel^='ewicprettyPhoto[1251169f904ddb9cc9]']\").ewcPhoto({\r\n\t\t\t\ttheme: \"ewc_default\",\r\n\t\t\t\tallow_expand: false,\r\n\t\t\t\tdeeplinking: false,\r\n\t\t\t\tslideshow:5000,\r\n\t\t\t\tautoplay_slideshow:true,\r\n\t\t\t\tsocial_tools:false\r\n\t\t\t});\r\n\r\n\t\t\t$(\".flexslider-1251169f904ddb9cc9\").fadeIn(300);\r\n\r\n\t\t\t$(\"#ewic-con-1251169f904ddb9cc9\").flexslider({\r\n\t\t\t\tanimation: \"slide\",\r\n\t\t\t\tanimationSpeed: 0,\r\n\t\t\t\tuseCSS: false,\r\n\t\t\t\teasing: \"easeInQuad\",\r\n\t\t\t\tdirection: \"horizontal\",\r\n\t\t\t\tslideshow: true,\r\n\t\t\t\tsmoothHeight: true,\r\n\t\t\t\tpauseOnHover: true,\r\n\t\t\t\tcontrolNav: false,\r\n\t\t\t\tprevText: \"\",\r\n\t\t\t\tnextText: \"\",\r\n\t\t\t\trtl: false,\r\n\t\t\t\tslideshowSpeed: 5000,\r\n\t\t\t\tstart: function(slider){\r\n\t\t\t\t\t$(\"#ewic-con-1251169f904ddb9cc9\").find(\".flex-caption\").hide();\r\n\t\t\t\t\tvar curSlide = slider.find(\"li.flex-active-slide\");\r\n\t\t\t\t\t$(curSlide).find(\".flex-caption\").slideDown();\r\n\t\t\t\t},\r\n\t\t\t\tbefore: function(slider) {\r\n\t\t\t\t\t$(\"#ewic-con-1251169f904ddb9cc9\").find(\".flex-caption\").slideUp();\r\n\t\t\t\t},\r\n\t\t\t\tafter: function(slider) {\r\n\t\t\t\t\tvar curSlide = slider.find(\"li.flex-active-slide\");\r\n\t\t\t\t\t$(curSlide).find(\".flex-caption\").slideDown();\r\n\t\t\t\t}\r\n\r\n\t\t\t});\r\n\r\n\t\t});\r\n\r\n\t});\r\n<\/script><\/div>\r\n<\/p>\n<\/div><div class=\"fusion-clearfix\"><\/div><\/div><\/div><\/div><style type=\"text\/css\">.fusion-fullwidth.fusion-builder-row-1 { overflow:visible; }<\/style><\/div>\n","protected":false},"excerpt":{"rendered":"","protected":false},"author":1,"featured_media":0,"parent":0,"menu_order":0,"comment_status":"closed","ping_status":"closed","template":"","meta":{"_acf_changed":false,"footnotes":""},"class_list":["post-12510","page","type-page","status-publish","hentry"],"acf":[],"yoast_head":"<!-- This site is optimized with the Yoast SEO plugin v27.5 - https:\/\/yoast.com\/product\/yoast-seo-wordpress\/ -->\n<title>P\u00e1del - Real Club Mar\u00edtimo de Melilla<\/title>\n<meta name=\"description\" content=\"El Club Mar\u00edtimo ha estado a la vanguardia del p\u00e1del en la ciudad aut\u00f3noma. En 1998 fue la primera en disponer de dos pistas homologadas.\" \/>\n<meta name=\"robots\" content=\"index, follow, max-snippet:-1, max-image-preview:large, max-video-preview:-1\" \/>\n<link rel=\"canonical\" href=\"https:\/\/www.realclubmaritimomelilla.es\/clmar\/padel\/\" \/>\n<meta property=\"og:locale\" content=\"es_ES\" \/>\n<meta property=\"og:type\" content=\"article\" \/>\n<meta property=\"og:title\" content=\"P\u00e1del - Real Club Mar\u00edtimo de Melilla\" \/>\n<meta property=\"og:description\" content=\"El Club Mar\u00edtimo ha estado a la vanguardia del p\u00e1del en la ciudad aut\u00f3noma. En 1998 fue la primera en disponer de dos pistas homologadas.\" \/>\n<meta property=\"og:url\" content=\"https:\/\/www.realclubmaritimomelilla.es\/clmar\/padel\/\" \/>\n<meta property=\"og:site_name\" content=\"Real Club Mar\u00edtimo de Melilla\" \/>\n<meta property=\"article:publisher\" content=\"https:\/\/www.facebook.com\/Real-Club-Mar%c3%adtimo-de-Melilla-588495841234214\/\" \/>\n<meta property=\"article:modified_time\" content=\"2024-03-22T12:41:41+00:00\" \/>\n<meta name=\"twitter:card\" content=\"summary_large_image\" \/>\n<meta name=\"twitter:site\" content=\"@nauticarcmm\" \/>\n<meta name=\"twitter:label1\" content=\"Tiempo de lectura\" \/>\n\t<meta name=\"twitter:data1\" content=\"3 minutos\" \/>\n<script type=\"application\/ld+json\" class=\"yoast-schema-graph\">{\"@context\":\"https:\\\/\\\/schema.org\",\"@graph\":[{\"@type\":\"WebPage\",\"@id\":\"https:\\\/\\\/www.realclubmaritimomelilla.es\\\/clmar\\\/padel\\\/\",\"url\":\"https:\\\/\\\/www.realclubmaritimomelilla.es\\\/clmar\\\/padel\\\/\",\"name\":\"P\u00e1del - Real Club Mar\u00edtimo de Melilla\",\"isPartOf\":{\"@id\":\"https:\\\/\\\/www.realclubmaritimomelilla.es\\\/clmar\\\/#website\"},\"datePublished\":\"2017-05-25T12:11:46+00:00\",\"dateModified\":\"2024-03-22T12:41:41+00:00\",\"description\":\"El Club Mar\u00edtimo ha estado a la vanguardia del p\u00e1del en la ciudad aut\u00f3noma. En 1998 fue la primera en disponer de dos pistas homologadas.\",\"breadcrumb\":{\"@id\":\"https:\\\/\\\/www.realclubmaritimomelilla.es\\\/clmar\\\/padel\\\/#breadcrumb\"},\"inLanguage\":\"es\",\"potentialAction\":[{\"@type\":\"ReadAction\",\"target\":[\"https:\\\/\\\/www.realclubmaritimomelilla.es\\\/clmar\\\/padel\\\/\"]}]},{\"@type\":\"BreadcrumbList\",\"@id\":\"https:\\\/\\\/www.realclubmaritimomelilla.es\\\/clmar\\\/padel\\\/#breadcrumb\",\"itemListElement\":[{\"@type\":\"ListItem\",\"position\":1,\"name\":\"Portada\",\"item\":\"https:\\\/\\\/www.realclubmaritimomelilla.es\\\/clmar\\\/\"},{\"@type\":\"ListItem\",\"position\":2,\"name\":\"P\u00e1del\"}]},{\"@type\":\"WebSite\",\"@id\":\"https:\\\/\\\/www.realclubmaritimomelilla.es\\\/clmar\\\/#website\",\"url\":\"https:\\\/\\\/www.realclubmaritimomelilla.es\\\/clmar\\\/\",\"name\":\"Real Club Mar\u00edtimo de Melilla\",\"description\":\"RCMM\",\"publisher\":{\"@id\":\"https:\\\/\\\/www.realclubmaritimomelilla.es\\\/clmar\\\/#organization\"},\"alternateName\":\"RCMM\",\"potentialAction\":[{\"@type\":\"SearchAction\",\"target\":{\"@type\":\"EntryPoint\",\"urlTemplate\":\"https:\\\/\\\/www.realclubmaritimomelilla.es\\\/clmar\\\/?s={search_term_string}\"},\"query-input\":{\"@type\":\"PropertyValueSpecification\",\"valueRequired\":true,\"valueName\":\"search_term_string\"}}],\"inLanguage\":\"es\"},{\"@type\":\"Organization\",\"@id\":\"https:\\\/\\\/www.realclubmaritimomelilla.es\\\/clmar\\\/#organization\",\"name\":\"Real Club Mar\u00edtimo de Melilla\",\"alternateName\":\"RCMM\",\"url\":\"https:\\\/\\\/www.realclubmaritimomelilla.es\\\/clmar\\\/\",\"logo\":{\"@type\":\"ImageObject\",\"inLanguage\":\"es\",\"@id\":\"https:\\\/\\\/www.realclubmaritimomelilla.es\\\/clmar\\\/#\\\/schema\\\/logo\\\/image\\\/\",\"url\":\"https:\\\/\\\/www.realclubmaritimomelilla.es\\\/clmar\\\/wp-content\\\/uploads\\\/logo-club-original-copia.jpg\",\"contentUrl\":\"https:\\\/\\\/www.realclubmaritimomelilla.es\\\/clmar\\\/wp-content\\\/uploads\\\/logo-club-original-copia.jpg\",\"width\":128,\"height\":89,\"caption\":\"Real Club Mar\u00edtimo de Melilla\"},\"image\":{\"@id\":\"https:\\\/\\\/www.realclubmaritimomelilla.es\\\/clmar\\\/#\\\/schema\\\/logo\\\/image\\\/\"},\"sameAs\":[\"https:\\\/\\\/www.facebook.com\\\/Real-Club-Mar\u00edtimo-de-Melilla-588495841234214\\\/\",\"https:\\\/\\\/x.com\\\/nauticarcmm\",\"https:\\\/\\\/www.instagram.com\\\/club_maritimo_melilla\\\/\",\"https:\\\/\\\/www.youtube.com\\\/@realclubmaritimodemelilla4703\",\"https:\\\/\\\/es.wikipedia.org\\\/wiki\\\/Real_Club_Mar\u00edtimo_de_Melilla\"]}]}<\/script>\n<!-- \/ Yoast SEO plugin. -->","yoast_head_json":{"title":"P\u00e1del - Real Club Mar\u00edtimo de Melilla","description":"El Club Mar\u00edtimo ha estado a la vanguardia del p\u00e1del en la ciudad aut\u00f3noma. En 1998 fue la primera en disponer de dos pistas homologadas.","robots":{"index":"index","follow":"follow","max-snippet":"max-snippet:-1","max-image-preview":"max-image-preview:large","max-video-preview":"max-video-preview:-1"},"canonical":"https:\/\/www.realclubmaritimomelilla.es\/clmar\/padel\/","og_locale":"es_ES","og_type":"article","og_title":"P\u00e1del - Real Club Mar\u00edtimo de Melilla","og_description":"El Club Mar\u00edtimo ha estado a la vanguardia del p\u00e1del en la ciudad aut\u00f3noma. En 1998 fue la primera en disponer de dos pistas homologadas.","og_url":"https:\/\/www.realclubmaritimomelilla.es\/clmar\/padel\/","og_site_name":"Real Club Mar\u00edtimo de Melilla","article_publisher":"https:\/\/www.facebook.com\/Real-Club-Mar%c3%adtimo-de-Melilla-588495841234214\/","article_modified_time":"2024-03-22T12:41:41+00:00","twitter_card":"summary_large_image","twitter_site":"@nauticarcmm","twitter_misc":{"Tiempo de lectura":"3 minutos"},"schema":{"@context":"https:\/\/schema.org","@graph":[{"@type":"WebPage","@id":"https:\/\/www.realclubmaritimomelilla.es\/clmar\/padel\/","url":"https:\/\/www.realclubmaritimomelilla.es\/clmar\/padel\/","name":"P\u00e1del - Real Club Mar\u00edtimo de Melilla","isPartOf":{"@id":"https:\/\/www.realclubmaritimomelilla.es\/clmar\/#website"},"datePublished":"2017-05-25T12:11:46+00:00","dateModified":"2024-03-22T12:41:41+00:00","description":"El Club Mar\u00edtimo ha estado a la vanguardia del p\u00e1del en la ciudad aut\u00f3noma. En 1998 fue la primera en disponer de dos pistas homologadas.","breadcrumb":{"@id":"https:\/\/www.realclubmaritimomelilla.es\/clmar\/padel\/#breadcrumb"},"inLanguage":"es","potentialAction":[{"@type":"ReadAction","target":["https:\/\/www.realclubmaritimomelilla.es\/clmar\/padel\/"]}]},{"@type":"BreadcrumbList","@id":"https:\/\/www.realclubmaritimomelilla.es\/clmar\/padel\/#breadcrumb","itemListElement":[{"@type":"ListItem","position":1,"name":"Portada","item":"https:\/\/www.realclubmaritimomelilla.es\/clmar\/"},{"@type":"ListItem","position":2,"name":"P\u00e1del"}]},{"@type":"WebSite","@id":"https:\/\/www.realclubmaritimomelilla.es\/clmar\/#website","url":"https:\/\/www.realclubmaritimomelilla.es\/clmar\/","name":"Real Club Mar\u00edtimo de Melilla","description":"RCMM","publisher":{"@id":"https:\/\/www.realclubmaritimomelilla.es\/clmar\/#organization"},"alternateName":"RCMM","potentialAction":[{"@type":"SearchAction","target":{"@type":"EntryPoint","urlTemplate":"https:\/\/www.realclubmaritimomelilla.es\/clmar\/?s={search_term_string}"},"query-input":{"@type":"PropertyValueSpecification","valueRequired":true,"valueName":"search_term_string"}}],"inLanguage":"es"},{"@type":"Organization","@id":"https:\/\/www.realclubmaritimomelilla.es\/clmar\/#organization","name":"Real Club Mar\u00edtimo de Melilla","alternateName":"RCMM","url":"https:\/\/www.realclubmaritimomelilla.es\/clmar\/","logo":{"@type":"ImageObject","inLanguage":"es","@id":"https:\/\/www.realclubmaritimomelilla.es\/clmar\/#\/schema\/logo\/image\/","url":"https:\/\/www.realclubmaritimomelilla.es\/clmar\/wp-content\/uploads\/logo-club-original-copia.jpg","contentUrl":"https:\/\/www.realclubmaritimomelilla.es\/clmar\/wp-content\/uploads\/logo-club-original-copia.jpg","width":128,"height":89,"caption":"Real Club Mar\u00edtimo de Melilla"},"image":{"@id":"https:\/\/www.realclubmaritimomelilla.es\/clmar\/#\/schema\/logo\/image\/"},"sameAs":["https:\/\/www.facebook.com\/Real-Club-Mar\u00edtimo-de-Melilla-588495841234214\/","https:\/\/x.com\/nauticarcmm","https:\/\/www.instagram.com\/club_maritimo_melilla\/","https:\/\/www.youtube.com\/@realclubmaritimodemelilla4703","https:\/\/es.wikipedia.org\/wiki\/Real_Club_Mar\u00edtimo_de_Melilla"]}]}},"_links":{"self":[{"href":"https:\/\/www.realclubmaritimomelilla.es\/clmar\/wp-json\/wp\/v2\/pages\/12510","targetHints":{"allow":["GET"]}}],"collection":[{"href":"https:\/\/www.realclubmaritimomelilla.es\/clmar\/wp-json\/wp\/v2\/pages"}],"about":[{"href":"https:\/\/www.realclubmaritimomelilla.es\/clmar\/wp-json\/wp\/v2\/types\/page"}],"author":[{"embeddable":true,"href":"https:\/\/www.realclubmaritimomelilla.es\/clmar\/wp-json\/wp\/v2\/users\/1"}],"replies":[{"embeddable":true,"href":"https:\/\/www.realclubmaritimomelilla.es\/clmar\/wp-json\/wp\/v2\/comments?post=12510"}],"version-history":[{"count":4,"href":"https:\/\/www.realclubmaritimomelilla.es\/clmar\/wp-json\/wp\/v2\/pages\/12510\/revisions"}],"predecessor-version":[{"id":22000,"href":"https:\/\/www.realclubmaritimomelilla.es\/clmar\/wp-json\/wp\/v2\/pages\/12510\/revisions\/22000"}],"wp:attachment":[{"href":"https:\/\/www.realclubmaritimomelilla.es\/clmar\/wp-json\/wp\/v2\/media?parent=12510"}],"curies":[{"name":"wp","href":"https:\/\/api.w.org\/{rel}","templated":true}]}}