{"id":12092,"date":"2016-07-28T09:58:34","date_gmt":"2016-07-28T09:58:34","guid":{"rendered":"http:\/\/localhost\/clubmaritimo\/?page_id=12092"},"modified":"2024-03-22T12:40:45","modified_gmt":"2024-03-22T11:40:45","slug":"miembros-2","status":"publish","type":"page","link":"https:\/\/www.realclubmaritimomelilla.es\/clmar\/miembros-2\/","title":{"rendered":"Miembros"},"content":{"rendered":"<div class=\"fusion-fullwidth fullwidth-box fusion-builder-row-1 hundred-percent-fullwidth non-hundred-percent-height-scrolling\" style=\"background-color: #ffffff;background-position: center center;background-repeat: no-repeat;padding-top:0px;padding-right:0px;padding-bottom:0px;padding-left:0px;margin-bottom: 0px;margin-top: 0px;border-width: 0px 0px 0px 0px;border-color:#eae9e9;border-style:solid;\" ><div class=\"fusion-builder-row fusion-row\"><div class=\"fusion-layout-column fusion_builder_column fusion-builder-column-0 fusion_builder_column_1_1 1_1 fusion-one-full fusion-column-first fusion-column-last\" style=\"margin-top:0px;margin-bottom:20px;\"><div class=\"fusion-column-wrapper fusion-flex-column-wrapper-legacy\" style=\"background-position:left top;background-repeat:no-repeat;-webkit-background-size:cover;-moz-background-size:cover;-o-background-size:cover;background-size:cover;padding: 0px 0px 0px 0px;\"><style type=\"text\/css\"><\/style><div class=\"fusion-title title fusion-title-1 fusion-title-center fusion-title-text fusion-title-size-two\" style=\"margin-top:10px;margin-right:0px;margin-bottom:15px;margin-left:0px;\"><div class=\"title-sep-container title-sep-container-left\"><div class=\"title-sep sep-double sep-solid\" style=\"border-color:#e0dede;\"><\/div><\/div><span class=\"awb-title-spacer\"><\/span><h2 class=\"title-heading-center\" style=\"margin:0;\"><p style=\"text-align: center;\"><strong><span style=\"color: #5092d3;\">MIEMBROS DE LA JUNTA DIRECTIVA<br \/>\n<\/span><\/strong><\/p><\/h2><span class=\"awb-title-spacer\"><\/span><div class=\"title-sep-container title-sep-container-right\"><div class=\"title-sep sep-double sep-solid\" style=\"border-color:#e0dede;\"><\/div><\/div><\/div><div class=\"fusion-clearfix\"><\/div><\/div><\/div><div class=\"fusion-layout-column fusion_builder_column fusion-builder-column-1 fusion_builder_column_1_1 1_1 fusion-one-full fusion-column-first fusion-column-last\" style=\"margin-top:0px;margin-bottom:20px;\"><div class=\"fusion-column-wrapper fusion-flex-column-wrapper-legacy\" style=\"background-position:left top;background-repeat:no-repeat;-webkit-background-size:cover;-moz-background-size:cover;-o-background-size:cover;background-size:cover;padding: 0px 0px 0px 0px;\"><div class=\"fusion-text fusion-text-1\"><div class=\"table-1\">\n<table style=\"height: 505px;\" width=\"1032\">\n<tbody>\n<tr>\n<td>Presidente<\/td>\n<td align=\"center\">D. Jer\u00f3nimo P\u00e9rez Hern\u00e1ndez<\/td>\n<\/tr>\n<tr>\n<td>Vicepresidente 1\u00ba y Secretario<\/td>\n<td align=\"center\">D. Rafael Imbroda Puerto<\/td>\n<\/tr>\n<tr>\n<td>Vicepresidente 2\u00ba y Tesorero<\/td>\n<td align=\"center\">D. Adolfo Ortiz de Z\u00e1rate Meliveo<\/td>\n<\/tr>\n<tr>\n<td>Vicesecretario<\/td>\n<td align=\"center\">D. Juan Jos\u00e9 L\u00f3pez Rodr\u00edguez<\/td>\n<\/tr>\n<tr>\n<td>Comodoro<\/td>\n<td align=\"center\">D. Jes\u00fas Quesada Carrasco<\/td>\n<\/tr>\n<tr>\n<td>Capit\u00e1n de Flota<\/td>\n<td align=\"center\">D. Vicente de Juan Garc\u00eda<\/td>\n<\/tr>\n<tr>\n<td>Vocal<\/td>\n<td align=\"center\">D. Antonio Bravo Nieto<\/td>\n<\/tr>\n<tr>\n<td>Vocal<\/td>\n<td align=\"center\">D\u00aa. Esther Azancot C\u00e1novas<\/td>\n<\/tr>\n<tr>\n<td>Vocal<\/td>\n<td align=\"center\">D\u00aa. Esperanza Cano T\u00e9bar<\/td>\n<\/tr>\n<tr>\n<td>Vocal<\/td>\n<td align=\"center\">D. Fernando Bravo Dur\u00e1n<\/td>\n<\/tr>\n<tr>\n<td>Vocal<\/td>\n<td align=\"center\">D. Jes\u00fas Mart\u00ednez Garc\u00eda<\/td>\n<\/tr>\n<tr>\n<td>Vocal<\/td>\n<td align=\"center\">D. Juan Bellver Garrido<\/td>\n<\/tr>\n<tr>\n<td>Vocal<\/td>\n<td align=\"center\">D. Enrique Mingorance M\u00e9ndez<\/td>\n<\/tr>\n<tr>\n<td>Vocal<\/td>\n<td align=\"center\">D. Jes\u00fas Garc\u00eda-Ligero Puerta<\/td>\n<\/tr>\n<tr>\n<td>Vocal<\/td>\n<td align=\"center\">D. Mario Gonz\u00e1lez Rojas<\/td>\n<\/tr>\n<tr>\n<td>Vocal<\/td>\n<td align=\"center\">D. Francisco Robles Ferr\u00f3n<\/td>\n<\/tr>\n<tr>\n<td><\/td>\n<td align=\"center\"><\/td>\n<\/tr>\n<\/tbody>\n<\/table>\n<\/div>\n<\/div><div class=\"fusion-clearfix\"><\/div><\/div><\/div><\/div><style type=\"text\/css\">.fusion-fullwidth.fusion-builder-row-1 { overflow:visible; }<\/style><\/div>\n","protected":false},"excerpt":{"rendered":"","protected":false},"author":1,"featured_media":0,"parent":0,"menu_order":0,"comment_status":"closed","ping_status":"closed","template":"","meta":{"_acf_changed":false,"footnotes":""},"class_list":["post-12092","page","type-page","status-publish","hentry"],"acf":[],"yoast_head":"<!-- This site is optimized with the Yoast SEO plugin v26.9 - https:\/\/yoast.com\/product\/yoast-seo-wordpress\/ -->\n<title>Miembros - Real Club Mar\u00edtimo de Melilla<\/title>\n<meta name=\"description\" content=\"Miembros de la Junta Directiva del Real Club Mar\u00edtimo de Melilla.\" \/>\n<meta name=\"robots\" content=\"index, follow, max-snippet:-1, max-image-preview:large, max-video-preview:-1\" \/>\n<link rel=\"canonical\" href=\"https:\/\/www.realclubmaritimomelilla.es\/clmar\/miembros-2\/\" \/>\n<meta property=\"og:locale\" content=\"es_ES\" \/>\n<meta property=\"og:type\" content=\"article\" \/>\n<meta property=\"og:title\" content=\"Miembros - Real Club Mar\u00edtimo de Melilla\" \/>\n<meta property=\"og:description\" content=\"Miembros de la Junta Directiva del Real Club Mar\u00edtimo de Melilla.\" \/>\n<meta property=\"og:url\" content=\"https:\/\/www.realclubmaritimomelilla.es\/clmar\/miembros-2\/\" \/>\n<meta property=\"og:site_name\" content=\"Real Club Mar\u00edtimo de Melilla\" \/>\n<meta property=\"article:publisher\" content=\"https:\/\/www.facebook.com\/Real-Club-Mar%c3%adtimo-de-Melilla-588495841234214\/\" \/>\n<meta property=\"article:modified_time\" content=\"2024-03-22T11:40:45+00:00\" \/>\n<meta name=\"twitter:card\" content=\"summary_large_image\" \/>\n<meta name=\"twitter:site\" content=\"@nauticarcmm\" \/>\n<meta name=\"twitter:label1\" content=\"Tiempo de lectura\" \/>\n\t<meta name=\"twitter:data1\" content=\"2 minutos\" \/>\n<script type=\"application\/ld+json\" class=\"yoast-schema-graph\">{\"@context\":\"https:\/\/schema.org\",\"@graph\":[{\"@type\":\"WebPage\",\"@id\":\"https:\/\/www.realclubmaritimomelilla.es\/clmar\/miembros-2\/\",\"url\":\"https:\/\/www.realclubmaritimomelilla.es\/clmar\/miembros-2\/\",\"name\":\"Miembros - Real Club Mar\u00edtimo de Melilla\",\"isPartOf\":{\"@id\":\"https:\/\/www.realclubmaritimomelilla.es\/clmar\/#website\"},\"datePublished\":\"2016-07-28T09:58:34+00:00\",\"dateModified\":\"2024-03-22T11:40:45+00:00\",\"description\":\"Miembros de la Junta Directiva del Real Club Mar\u00edtimo de Melilla.\",\"breadcrumb\":{\"@id\":\"https:\/\/www.realclubmaritimomelilla.es\/clmar\/miembros-2\/#breadcrumb\"},\"inLanguage\":\"es\",\"potentialAction\":[{\"@type\":\"ReadAction\",\"target\":[\"https:\/\/www.realclubmaritimomelilla.es\/clmar\/miembros-2\/\"]}]},{\"@type\":\"BreadcrumbList\",\"@id\":\"https:\/\/www.realclubmaritimomelilla.es\/clmar\/miembros-2\/#breadcrumb\",\"itemListElement\":[{\"@type\":\"ListItem\",\"position\":1,\"name\":\"Portada\",\"item\":\"https:\/\/www.realclubmaritimomelilla.es\/clmar\/\"},{\"@type\":\"ListItem\",\"position\":2,\"name\":\"Miembros\"}]},{\"@type\":\"WebSite\",\"@id\":\"https:\/\/www.realclubmaritimomelilla.es\/clmar\/#website\",\"url\":\"https:\/\/www.realclubmaritimomelilla.es\/clmar\/\",\"name\":\"Real Club Mar\u00edtimo de Melilla\",\"description\":\"RCMM\",\"publisher\":{\"@id\":\"https:\/\/www.realclubmaritimomelilla.es\/clmar\/#organization\"},\"alternateName\":\"RCMM\",\"potentialAction\":[{\"@type\":\"SearchAction\",\"target\":{\"@type\":\"EntryPoint\",\"urlTemplate\":\"https:\/\/www.realclubmaritimomelilla.es\/clmar\/?s={search_term_string}\"},\"query-input\":{\"@type\":\"PropertyValueSpecification\",\"valueRequired\":true,\"valueName\":\"search_term_string\"}}],\"inLanguage\":\"es\"},{\"@type\":\"Organization\",\"@id\":\"https:\/\/www.realclubmaritimomelilla.es\/clmar\/#organization\",\"name\":\"Real Club Mar\u00edtimo de Melilla\",\"alternateName\":\"RCMM\",\"url\":\"https:\/\/www.realclubmaritimomelilla.es\/clmar\/\",\"logo\":{\"@type\":\"ImageObject\",\"inLanguage\":\"es\",\"@id\":\"https:\/\/www.realclubmaritimomelilla.es\/clmar\/#\/schema\/logo\/image\/\",\"url\":\"https:\/\/www.realclubmaritimomelilla.es\/clmar\/wp-content\/uploads\/logo-club-original-copia.jpg\",\"contentUrl\":\"https:\/\/www.realclubmaritimomelilla.es\/clmar\/wp-content\/uploads\/logo-club-original-copia.jpg\",\"width\":128,\"height\":89,\"caption\":\"Real Club Mar\u00edtimo de Melilla\"},\"image\":{\"@id\":\"https:\/\/www.realclubmaritimomelilla.es\/clmar\/#\/schema\/logo\/image\/\"},\"sameAs\":[\"https:\/\/www.facebook.com\/Real-Club-Mar\u00edtimo-de-Melilla-588495841234214\/\",\"https:\/\/x.com\/nauticarcmm\",\"https:\/\/www.instagram.com\/club_maritimo_melilla\/\",\"https:\/\/www.youtube.com\/@realclubmaritimodemelilla4703\",\"https:\/\/es.wikipedia.org\/wiki\/Real_Club_Mar\u00edtimo_de_Melilla\"]}]}<\/script>\n<!-- \/ Yoast SEO plugin. -->","yoast_head_json":{"title":"Miembros - Real Club Mar\u00edtimo de Melilla","description":"Miembros de la Junta Directiva del Real Club Mar\u00edtimo de Melilla.","robots":{"index":"index","follow":"follow","max-snippet":"max-snippet:-1","max-image-preview":"max-image-preview:large","max-video-preview":"max-video-preview:-1"},"canonical":"https:\/\/www.realclubmaritimomelilla.es\/clmar\/miembros-2\/","og_locale":"es_ES","og_type":"article","og_title":"Miembros - Real Club Mar\u00edtimo de Melilla","og_description":"Miembros de la Junta Directiva del Real Club Mar\u00edtimo de Melilla.","og_url":"https:\/\/www.realclubmaritimomelilla.es\/clmar\/miembros-2\/","og_site_name":"Real Club Mar\u00edtimo de Melilla","article_publisher":"https:\/\/www.facebook.com\/Real-Club-Mar%c3%adtimo-de-Melilla-588495841234214\/","article_modified_time":"2024-03-22T11:40:45+00:00","twitter_card":"summary_large_image","twitter_site":"@nauticarcmm","twitter_misc":{"Tiempo de lectura":"2 minutos"},"schema":{"@context":"https:\/\/schema.org","@graph":[{"@type":"WebPage","@id":"https:\/\/www.realclubmaritimomelilla.es\/clmar\/miembros-2\/","url":"https:\/\/www.realclubmaritimomelilla.es\/clmar\/miembros-2\/","name":"Miembros - Real Club Mar\u00edtimo de Melilla","isPartOf":{"@id":"https:\/\/www.realclubmaritimomelilla.es\/clmar\/#website"},"datePublished":"2016-07-28T09:58:34+00:00","dateModified":"2024-03-22T11:40:45+00:00","description":"Miembros de la Junta Directiva del Real Club Mar\u00edtimo de Melilla.","breadcrumb":{"@id":"https:\/\/www.realclubmaritimomelilla.es\/clmar\/miembros-2\/#breadcrumb"},"inLanguage":"es","potentialAction":[{"@type":"ReadAction","target":["https:\/\/www.realclubmaritimomelilla.es\/clmar\/miembros-2\/"]}]},{"@type":"BreadcrumbList","@id":"https:\/\/www.realclubmaritimomelilla.es\/clmar\/miembros-2\/#breadcrumb","itemListElement":[{"@type":"ListItem","position":1,"name":"Portada","item":"https:\/\/www.realclubmaritimomelilla.es\/clmar\/"},{"@type":"ListItem","position":2,"name":"Miembros"}]},{"@type":"WebSite","@id":"https:\/\/www.realclubmaritimomelilla.es\/clmar\/#website","url":"https:\/\/www.realclubmaritimomelilla.es\/clmar\/","name":"Real Club Mar\u00edtimo de Melilla","description":"RCMM","publisher":{"@id":"https:\/\/www.realclubmaritimomelilla.es\/clmar\/#organization"},"alternateName":"RCMM","potentialAction":[{"@type":"SearchAction","target":{"@type":"EntryPoint","urlTemplate":"https:\/\/www.realclubmaritimomelilla.es\/clmar\/?s={search_term_string}"},"query-input":{"@type":"PropertyValueSpecification","valueRequired":true,"valueName":"search_term_string"}}],"inLanguage":"es"},{"@type":"Organization","@id":"https:\/\/www.realclubmaritimomelilla.es\/clmar\/#organization","name":"Real Club Mar\u00edtimo de Melilla","alternateName":"RCMM","url":"https:\/\/www.realclubmaritimomelilla.es\/clmar\/","logo":{"@type":"ImageObject","inLanguage":"es","@id":"https:\/\/www.realclubmaritimomelilla.es\/clmar\/#\/schema\/logo\/image\/","url":"https:\/\/www.realclubmaritimomelilla.es\/clmar\/wp-content\/uploads\/logo-club-original-copia.jpg","contentUrl":"https:\/\/www.realclubmaritimomelilla.es\/clmar\/wp-content\/uploads\/logo-club-original-copia.jpg","width":128,"height":89,"caption":"Real Club Mar\u00edtimo de Melilla"},"image":{"@id":"https:\/\/www.realclubmaritimomelilla.es\/clmar\/#\/schema\/logo\/image\/"},"sameAs":["https:\/\/www.facebook.com\/Real-Club-Mar\u00edtimo-de-Melilla-588495841234214\/","https:\/\/x.com\/nauticarcmm","https:\/\/www.instagram.com\/club_maritimo_melilla\/","https:\/\/www.youtube.com\/@realclubmaritimodemelilla4703","https:\/\/es.wikipedia.org\/wiki\/Real_Club_Mar\u00edtimo_de_Melilla"]}]}},"_links":{"self":[{"href":"https:\/\/www.realclubmaritimomelilla.es\/clmar\/wp-json\/wp\/v2\/pages\/12092","targetHints":{"allow":["GET"]}}],"collection":[{"href":"https:\/\/www.realclubmaritimomelilla.es\/clmar\/wp-json\/wp\/v2\/pages"}],"about":[{"href":"https:\/\/www.realclubmaritimomelilla.es\/clmar\/wp-json\/wp\/v2\/types\/page"}],"author":[{"embeddable":true,"href":"https:\/\/www.realclubmaritimomelilla.es\/clmar\/wp-json\/wp\/v2\/users\/1"}],"replies":[{"embeddable":true,"href":"https:\/\/www.realclubmaritimomelilla.es\/clmar\/wp-json\/wp\/v2\/comments?post=12092"}],"version-history":[{"count":6,"href":"https:\/\/www.realclubmaritimomelilla.es\/clmar\/wp-json\/wp\/v2\/pages\/12092\/revisions"}],"predecessor-version":[{"id":21995,"href":"https:\/\/www.realclubmaritimomelilla.es\/clmar\/wp-json\/wp\/v2\/pages\/12092\/revisions\/21995"}],"wp:attachment":[{"href":"https:\/\/www.realclubmaritimomelilla.es\/clmar\/wp-json\/wp\/v2\/media?parent=12092"}],"curies":[{"name":"wp","href":"https:\/\/api.w.org\/{rel}","templated":true}]}}